{"id":7157,"date":"2025-09-27T19:37:06","date_gmt":"2025-09-27T19:37:06","guid":{"rendered":"https:\/\/vindien.dk\/?post_type=product&#038;p=7157"},"modified":"2026-04-12T17:04:44","modified_gmt":"2026-04-12T17:04:44","slug":"jnoon-hvid","status":"publish","type":"product","link":"https:\/\/vindien.dk\/da_dk\/product\/jnoon-hvid\/","title":{"rendered":"J&#8217;noon Hvid"},"content":{"rendered":"<h4>Kombinerer Chardonnays smag af gr\u00f8nt \u00e6ble, hvid p\u00e6re og stenfrugt med friske, livlige lime-, citrongr\u00e6s-, hvid peber-, jasmin- og urteagtige frugtsmagsnoter fra Sauvignon Blanc. Denne hvidvin placerer vores smag mellem Pouilly-Fuisse og hvidvinene fra den nordlige Rh\u00f4ne-dal.<\/h4>\n<h4>Druesort: Chardonnay &amp; Sauvignon Blanc<\/h4>\n<h4><a href=\"https:\/\/drive.google.com\/file\/d\/1xQrrHLlRcYdPYfLuIMnNYNsZWgJ_19xh\/view?usp=drive_link\">Mere info<\/a><\/h4>\n<h4>Alkohol: 13.5%<\/h4>\n<h4><style>.elementor-8426 .elementor-element.elementor-element-083b546{--display:flex;--flex-direction:column;--container-widget-width:100%;--container-widget-height:initial;--container-widget-flex-grow:0;--container-widget-align-self:initial;--flex-wrap-mobile:wrap;}.elementor-8426 .elementor-element.elementor-element-da7003a .porto-u-main-heading > *{font-size:25px;color:var( --e-global-color-primary );}.elementor-8426 .elementor-element.elementor-element-dc12fa7{--display:grid;--e-con-grid-template-columns:repeat(2, 1fr);--e-con-grid-template-rows:repeat(2, 1fr);--grid-auto-flow:row;}.elementor-8426 .elementor-element.elementor-element-a067cb4 .porto-u-main-heading > *{font-size:20px;}.elementor-8426 .elementor-element.elementor-element-46a0c93 .elementor-progress-wrapper .elementor-progress-bar{background-color:var( --e-global-color-primary );}.elementor-8426 .elementor-element.elementor-element-46a0c93 .elementor-progress-bar{font-size:20px;}.elementor-8426 .elementor-element.elementor-element-56018e9 .porto-u-main-heading > *{font-size:20px;}.elementor-8426 .elementor-element.elementor-element-26ea7e7 .elementor-progress-wrapper .elementor-progress-bar{background-color:var( --e-global-color-primary );}.elementor-8426 .elementor-element.elementor-element-26ea7e7 .elementor-progress-bar{font-size:20px;}.elementor-8426 .elementor-element.elementor-element-cdefd8e .porto-u-main-heading > *{font-size:20px;}.elementor-8426 .elementor-element.elementor-element-96d0873 .elementor-progress-wrapper .elementor-progress-bar{background-color:var( --e-global-color-primary );}.elementor-8426 .elementor-element.elementor-element-96d0873 .elementor-progress-bar{font-size:20px;}.elementor-8426 .elementor-element.elementor-element-1e91a35 .porto-u-main-heading > *{font-size:20px;letter-spacing:-0.5px;}.elementor-8426 .elementor-element.elementor-element-48ecdc4 .elementor-progress-wrapper .elementor-progress-bar{background-color:var( --e-global-color-primary );}.elementor-8426 .elementor-element.elementor-element-48ecdc4 .elementor-progress-bar{font-size:20px;}.elementor-8426 .elementor-element.elementor-element-7046146 .porto-u-main-heading > *{font-size:20px;letter-spacing:-0.5px;}.elementor-8426 .elementor-element.elementor-element-02e9813 .elementor-progress-wrapper .elementor-progress-bar{background-color:var( --e-global-color-primary );}.elementor-8426 .elementor-element.elementor-element-02e9813 .elementor-progress-bar{font-size:20px;}.elementor-8426 .elementor-element.elementor-element-1236d09{--display:flex;--flex-direction:column;--container-widget-width:100%;--container-widget-height:initial;--container-widget-flex-grow:0;--container-widget-align-self:initial;--flex-wrap-mobile:wrap;}.elementor-8426 .elementor-element.elementor-element-dc1fc3d{--spacer-size:50px;}.elementor-8426 .elementor-element.elementor-element-9b69801{--display:flex;--flex-direction:column;--container-widget-width:100%;--container-widget-height:initial;--container-widget-flex-grow:0;--container-widget-align-self:initial;--flex-wrap-mobile:wrap;}.elementor-8426 .elementor-element.elementor-element-11ac717 > .elementor-widget-container{border-style:solid;}.elementor-8426 .elementor-element.elementor-element-11ac717 .porto-u-main-heading > *{font-size:25px;color:var( --e-global-color-primary );}.elementor-8426 .elementor-element.elementor-element-216b1a3{--display:grid;--min-height:0px;--e-con-grid-template-columns:repeat(2, 1fr);--e-con-grid-template-rows:repeat(1, 1fr);--grid-auto-flow:row;border-style:double;--border-style:double;}.elementor-8426 .elementor-element.elementor-element-216b1a3.e-con{--align-self:flex-start;}.elementor-8426 .elementor-element.elementor-element-73daeac.elementor-element{--align-self:center;--order:-99999 \/* order start hack *\/;}.elementor-8426 .elementor-element.elementor-element-73daeac .porto-u-main-heading > *{font-size:25px;letter-spacing:0px;color:var( --e-global-color-primary );}.elementor-8426 .elementor-element.elementor-element-d840351 .porto-u-main-heading > *{font-size:25px;color:var( --e-global-color-primary );}@media(min-width:768px){.elementor-8426 .elementor-element.elementor-element-216b1a3{--content-width:669px;}}@media(max-width:991px){.elementor-8426 .elementor-element.elementor-element-dc12fa7{--grid-auto-flow:row;}.elementor-8426 .elementor-element.elementor-element-216b1a3{--grid-auto-flow:row;}}@media(max-width:767px){.elementor-8426 .elementor-element.elementor-element-dc12fa7{--e-con-grid-template-columns:repeat(1, 1fr);--e-con-grid-template-rows:repeat(2, 1fr);--grid-auto-flow:row;}.elementor-8426 .elementor-element.elementor-element-216b1a3{--e-con-grid-template-columns:repeat(1, 1fr);--e-con-grid-template-rows:repeat(1, 1fr);--grid-auto-flow:row;}}.ourservices svg { fill: #fff; width: 88px; height: auto; transition: fill .3s }\r\n\t.ourservices .service .elementor-widget-container:hover svg, .ourservices svg:hover { fill: #FEA45A; }\r\n\t.bg-black { background-color: #212529 !important; }\r\n\t.ourservices a { color: #fea45a ; }\r\n\t.ourservices a:hover { color: #ffb274; }<\/style><div class=\"porto-block\" data-id=\"8426\">\t\t<div data-elementor-type=\"wp-post\" data-elementor-id=\"8426\" class=\"elementor elementor-8426\">\n\t\t\t\t<div class=\"elementor-element elementor-element-083b546 e-flex e-con-boxed e-con e-parent\" data-id=\"083b546\" data-element_type=\"container\" data-e-type=\"container\">\r\n\t\t\t\t\t<div class=\"e-con-inner\">\r\n\t\t\t\t<div class=\"elementor-element elementor-element-da7003a elementor-widget elementor-widget-porto_ultimate_heading\" data-id=\"da7003a\" data-element_type=\"widget\" data-e-type=\"widget\" data-widget_type=\"porto_ultimate_heading.default\">\n\t\t\t\t<div class=\"elementor-widget-container\">\n\t\t\t\t\t<div class=\"porto-u-heading  porto-u-bd11424de395366805213f3c847c9ae4\"><div class=\"porto-u-main-heading\"><h2   >Smagsprofil<\/h2><\/div><style>.porto-u-bd11424de395366805213f3c847c9ae4.porto-u-heading{text-align:center}<\/style><\/div>\t\t\t\t<\/div>\n\t\t\t\t<\/div>\n\t\t\t\t\t<\/div>\n\t\t\t\t<\/div>\n\t\t<div class=\"elementor-element elementor-element-dc12fa7 e-grid e-con-boxed e-con e-parent\" data-id=\"dc12fa7\" data-element_type=\"container\" data-e-type=\"container\">\r\n\t\t\t\t\t<div class=\"e-con-inner\">\r\n\t\t\t\t<div class=\"elementor-element elementor-element-a067cb4 elementor-widget elementor-widget-porto_ultimate_heading\" data-id=\"a067cb4\" data-element_type=\"widget\" data-e-type=\"widget\" data-widget_type=\"porto_ultimate_heading.default\">\n\t\t\t\t<div class=\"elementor-widget-container\">\n\t\t\t\t\t<div class=\"porto-u-heading  porto-u-bd11424de395366805213f3c847c9ae4\"><div class=\"porto-u-main-heading\"><h2   >Frugt<\/h2><\/div><style>.porto-u-bd11424de395366805213f3c847c9ae4.porto-u-heading{text-align:center}<\/style><\/div>\t\t\t\t<\/div>\n\t\t\t\t<\/div>\n\t\t\t\t<div class=\"elementor-element elementor-element-46a0c93 elementor-widget elementor-widget-progress\" data-id=\"46a0c93\" data-element_type=\"widget\" data-e-type=\"widget\" data-widget_type=\"progress.default\">\n\t\t\t\t<div class=\"elementor-widget-container\">\n\t\t\t\t\t\n\t\t<div class=\"elementor-progress-wrapper\" role=\"progressbar\" aria-valuemin=\"0\" aria-valuemax=\"100\" aria-valuenow=\"33\" aria-valuetext=\"33% (Lav)\">\n\t\t\t<div class=\"elementor-progress-bar\" data-max=\"33\">\n\t\t\t\t<span class=\"elementor-progress-text\">Lav<\/span>\n\t\t\t\t\t\t\t<\/div>\n\t\t<\/div>\n\t\t\t\t\t\t<\/div>\n\t\t\t\t<\/div>\n\t\t\t\t<div class=\"elementor-element elementor-element-56018e9 elementor-widget elementor-widget-porto_ultimate_heading\" data-id=\"56018e9\" data-element_type=\"widget\" data-e-type=\"widget\" data-widget_type=\"porto_ultimate_heading.default\">\n\t\t\t\t<div class=\"elementor-widget-container\">\n\t\t\t\t\t<div class=\"porto-u-heading  porto-u-bd11424de395366805213f3c847c9ae4\"><div class=\"porto-u-main-heading\"><h2   >Syr<\/h2><\/div><style>.porto-u-bd11424de395366805213f3c847c9ae4.porto-u-heading{text-align:center}<\/style><\/div>\t\t\t\t<\/div>\n\t\t\t\t<\/div>\n\t\t\t\t<div class=\"elementor-element elementor-element-26ea7e7 elementor-widget elementor-widget-progress\" data-id=\"26ea7e7\" data-element_type=\"widget\" data-e-type=\"widget\" data-widget_type=\"progress.default\">\n\t\t\t\t<div class=\"elementor-widget-container\">\n\t\t\t\t\t\n\t\t<div class=\"elementor-progress-wrapper\" role=\"progressbar\" aria-valuemin=\"0\" aria-valuemax=\"100\" aria-valuenow=\"100\" aria-valuetext=\"100% (H\u00f8j&lt;br&gt;)\">\n\t\t\t<div class=\"elementor-progress-bar\" data-max=\"100\">\n\t\t\t\t<span class=\"elementor-progress-text\">H\u00f8j<br><\/span>\n\t\t\t\t\t\t\t<\/div>\n\t\t<\/div>\n\t\t\t\t\t\t<\/div>\n\t\t\t\t<\/div>\n\t\t\t\t<div class=\"elementor-element elementor-element-cdefd8e elementor-widget elementor-widget-porto_ultimate_heading\" data-id=\"cdefd8e\" data-element_type=\"widget\" data-e-type=\"widget\" data-widget_type=\"porto_ultimate_heading.default\">\n\t\t\t\t<div class=\"elementor-widget-container\">\n\t\t\t\t\t<div class=\"porto-u-heading  porto-u-bd11424de395366805213f3c847c9ae4\"><div class=\"porto-u-main-heading\"><h2   >Body<\/h2><\/div><style>.porto-u-bd11424de395366805213f3c847c9ae4.porto-u-heading{text-align:center}<\/style><\/div>\t\t\t\t<\/div>\n\t\t\t\t<\/div>\n\t\t\t\t<div class=\"elementor-element elementor-element-96d0873 elementor-widget elementor-widget-progress\" data-id=\"96d0873\" data-element_type=\"widget\" data-e-type=\"widget\" data-widget_type=\"progress.default\">\n\t\t\t\t<div class=\"elementor-widget-container\">\n\t\t\t\t\t\n\t\t<div class=\"elementor-progress-wrapper\" role=\"progressbar\" aria-valuemin=\"0\" aria-valuemax=\"100\" aria-valuenow=\"66\" aria-valuetext=\"66% (Mellem)\">\n\t\t\t<div class=\"elementor-progress-bar\" data-max=\"66\">\n\t\t\t\t<span class=\"elementor-progress-text\">Mellem<\/span>\n\t\t\t\t\t\t\t<\/div>\n\t\t<\/div>\n\t\t\t\t\t\t<\/div>\n\t\t\t\t<\/div>\n\t\t\t\t<div class=\"elementor-element elementor-element-1e91a35 elementor-widget elementor-widget-porto_ultimate_heading\" data-id=\"1e91a35\" data-element_type=\"widget\" data-e-type=\"widget\" data-widget_type=\"porto_ultimate_heading.default\">\n\t\t\t\t<div class=\"elementor-widget-container\">\n\t\t\t\t\t<div class=\"porto-u-heading  porto-u-bd11424de395366805213f3c847c9ae4\"><div class=\"porto-u-main-heading\"><h2   >S\u00f8d<\/h2><\/div><style>.porto-u-bd11424de395366805213f3c847c9ae4.porto-u-heading{text-align:center}<\/style><\/div>\t\t\t\t<\/div>\n\t\t\t\t<\/div>\n\t\t\t\t<div class=\"elementor-element elementor-element-48ecdc4 elementor-widget elementor-widget-progress\" data-id=\"48ecdc4\" data-element_type=\"widget\" data-e-type=\"widget\" data-widget_type=\"progress.default\">\n\t\t\t\t<div class=\"elementor-widget-container\">\n\t\t\t\t\t\n\t\t<div class=\"elementor-progress-wrapper\" role=\"progressbar\" aria-valuemin=\"0\" aria-valuemax=\"100\" aria-valuenow=\"33\" aria-valuetext=\"33% (Lav)\">\n\t\t\t<div class=\"elementor-progress-bar\" data-max=\"33\">\n\t\t\t\t<span class=\"elementor-progress-text\">Lav<\/span>\n\t\t\t\t\t\t\t<\/div>\n\t\t<\/div>\n\t\t\t\t\t\t<\/div>\n\t\t\t\t<\/div>\n\t\t\t\t<div class=\"elementor-element elementor-element-7046146 elementor-widget elementor-widget-porto_ultimate_heading\" data-id=\"7046146\" data-element_type=\"widget\" data-e-type=\"widget\" data-widget_type=\"porto_ultimate_heading.default\">\n\t\t\t\t<div class=\"elementor-widget-container\">\n\t\t\t\t\t<div class=\"porto-u-heading  porto-u-bd11424de395366805213f3c847c9ae4\"><div class=\"porto-u-main-heading\"><h2   >Alkohol<\/h2><\/div><style>.porto-u-bd11424de395366805213f3c847c9ae4.porto-u-heading{text-align:center}<\/style><\/div>\t\t\t\t<\/div>\n\t\t\t\t<\/div>\n\t\t\t\t<div class=\"elementor-element elementor-element-02e9813 elementor-widget elementor-widget-progress\" data-id=\"02e9813\" data-element_type=\"widget\" data-e-type=\"widget\" data-widget_type=\"progress.default\">\n\t\t\t\t<div class=\"elementor-widget-container\">\n\t\t\t\t\t\n\t\t<div class=\"elementor-progress-wrapper\" role=\"progressbar\" aria-valuemin=\"0\" aria-valuemax=\"100\" aria-valuenow=\"100\" aria-valuetext=\"100% (H\u00f8j)\">\n\t\t\t<div class=\"elementor-progress-bar\" data-max=\"100\">\n\t\t\t\t<span class=\"elementor-progress-text\">H\u00f8j<\/span>\n\t\t\t\t\t\t\t<\/div>\n\t\t<\/div>\n\t\t\t\t\t\t<\/div>\n\t\t\t\t<\/div>\n\t\t\t\t\t<\/div>\n\t\t\t\t<\/div>\n\t\t<div class=\"elementor-element elementor-element-1236d09 e-flex e-con-boxed e-con e-parent\" data-id=\"1236d09\" data-element_type=\"container\" data-e-type=\"container\">\r\n\t\t\t\t\t<div class=\"e-con-inner\">\r\n\t\t\t\t<div class=\"elementor-element elementor-element-dc1fc3d elementor-widget elementor-widget-spacer\" data-id=\"dc1fc3d\" data-element_type=\"widget\" data-e-type=\"widget\" data-widget_type=\"spacer.default\">\n\t\t\t\t<div class=\"elementor-widget-container\">\n\t\t\t\t\t\t\t<div class=\"elementor-spacer\">\n\t\t\t<div class=\"elementor-spacer-inner\"><\/div>\n\t\t<\/div>\n\t\t\t\t\t\t<\/div>\n\t\t\t\t<\/div>\n\t\t\t\t\t<\/div>\n\t\t\t\t<\/div>\n\t\t<div class=\"elementor-element elementor-element-9b69801 e-flex e-con-boxed e-con e-parent\" data-id=\"9b69801\" data-element_type=\"container\" data-e-type=\"container\">\r\n\t\t\t\t\t<div class=\"e-con-inner\">\r\n\t\t\t\t<div class=\"elementor-element elementor-element-11ac717 elementor-widget elementor-widget-porto_ultimate_heading\" data-id=\"11ac717\" data-element_type=\"widget\" data-e-type=\"widget\" data-widget_type=\"porto_ultimate_heading.default\">\n\t\t\t\t<div class=\"elementor-widget-container\">\n\t\t\t\t\t<div class=\"porto-u-heading  porto-u-bd11424de395366805213f3c847c9ae4\"><div class=\"porto-u-main-heading\"><h2   >Vinifikation<\/h2><\/div><div class=\"porto-u-sub-heading\" style=\"\"><h4>3 m\u00e5neder i franske egetr\u00e6sfade<\/h4><p>\u00a0<\/p><\/div><style>.porto-u-bd11424de395366805213f3c847c9ae4.porto-u-heading{text-align:center}<\/style><\/div>\t\t\t\t<\/div>\n\t\t\t\t<\/div>\n\t\t\t\t\t<\/div>\n\t\t\t\t<\/div>\n\t\t<div class=\"elementor-element elementor-element-216b1a3 e-grid e-con-boxed e-con e-parent\" data-id=\"216b1a3\" data-element_type=\"container\" data-e-type=\"container\">\r\n\t\t\t\t\t<div class=\"e-con-inner\">\r\n\t\t\t\t<div class=\"elementor-element elementor-element-73daeac elementor-widget elementor-widget-porto_ultimate_heading\" data-id=\"73daeac\" data-element_type=\"widget\" data-e-type=\"widget\" data-widget_type=\"porto_ultimate_heading.default\">\n\t\t\t\t<div class=\"elementor-widget-container\">\n\t\t\t\t\t<div class=\"porto-u-heading  porto-u-bd11424de395366805213f3c847c9ae4\"><div class=\"porto-u-main-heading\"><h2   >Madparring<\/h2><\/div><div class=\"porto-u-sub-heading\" style=\"\"><hr \/><h4><strong>Butter Chicken\u00a0<\/strong><\/h4><h4><strong>Malai Kofta<\/strong><\/h4><\/div><style>.porto-u-bd11424de395366805213f3c847c9ae4.porto-u-heading{text-align:center}<\/style><\/div>\t\t\t\t<\/div>\n\t\t\t\t<\/div>\n\t\t\t\t<div class=\"elementor-element elementor-element-d840351 elementor-widget elementor-widget-porto_ultimate_heading\" data-id=\"d840351\" data-element_type=\"widget\" data-e-type=\"widget\" data-widget_type=\"porto_ultimate_heading.default\">\n\t\t\t\t<div class=\"elementor-widget-container\">\n\t\t\t\t\t<div class=\"porto-u-heading  porto-u-bd11424de395366805213f3c847c9ae4\"><div class=\"porto-u-main-heading\"><h2   >Smagsnoter<\/h2><\/div><div class=\"porto-u-sub-heading\" style=\"\"><hr \/><h4><strong>Gule blomster<\/strong><\/h4><h4><strong>Dry Fruits<\/strong><\/h4><\/div><style>.porto-u-bd11424de395366805213f3c847c9ae4.porto-u-heading{text-align:center}<\/style><\/div>\t\t\t\t<\/div>\n\t\t\t\t<\/div>\n\t\t\t\t\t<\/div>\n\t\t\t\t<\/div>\n\t\t\t\t<\/div>\n\t\t<\/div><\/h4>\n","protected":false},"excerpt":{"rendered":"<p>&nbsp;<\/p>\n<style>.elementor-5032 .elementor-element.elementor-element-6708f33{--display:flex;--flex-direction:column;--container-widget-width:100%;--container-widget-height:initial;--container-widget-flex-grow:0;--container-widget-align-self:initial;--flex-wrap-mobile:wrap;}.elementor-5032 .elementor-element.elementor-element-b0e2ccb{text-align:center;}.elementor-5032 .elementor-element.elementor-element-b0e2ccb .elementor-heading-title{font-family:\"Amaranth\", Garamond, serif;font-size:25px;font-weight:600;color:var( --e-global-color-primary );}.elementor-5032 .elementor-element.elementor-element-262aabd{--display:flex;--flex-direction:row;--container-widget-width:initial;--container-widget-height:100%;--container-widget-flex-grow:1;--container-widget-align-self:stretch;--flex-wrap-mobile:wrap;border-style:solid;--border-style:solid;border-width:1px 0px 1px 0px;--border-top-width:1px;--border-right-width:0px;--border-bottom-width:1px;--border-left-width:0px;border-color:#999999;--border-color:#999999;--margin-top:0px;--margin-bottom:10px;--margin-left:0px;--margin-right:0px;--padding-block-start:30px;--padding-block-end:0px;--padding-inline-start:30px;--padding-inline-end:30px;}.container-fluid .e-parent.e-con-full .e-con-boxed.elementor-element-262aabd{--padding-inline-start:30px;--padding-inline-end:30px;}.elementor-5032 .elementor-element.elementor-element-eb25ebd{--display:flex;--justify-content:space-evenly;--align-items:flex-end;--container-widget-width:calc( ( 1 - var( --container-widget-flex-grow ) ) * 100% );}.elementor-5032 .elementor-element.elementor-element-69d9329 .elementor-heading-title{font-family:\"Amaranth\", Garamond, serif;font-size:20px;}.elementor-5032 .elementor-element.elementor-element-e4661b3 .elementor-heading-title{font-family:\"Amaranth\", Garamond, serif;font-size:20px;}.elementor-5032 .elementor-element.elementor-element-2724999 .elementor-heading-title{font-family:\"Amaranth\", Garamond, serif;font-size:20px;}.elementor-5032 .elementor-element.elementor-element-25a527f .elementor-heading-title{font-family:\"Amaranth\", Garamond, serif;font-size:20px;}.elementor-5032 .elementor-element.elementor-element-0463d54{--display:flex;--justify-content:space-evenly;}.elementor-5032 .elementor-element.elementor-element-0643339 .elementor-heading-title{font-family:\"Amaranth\", Garamond, serif;font-size:20px;}.elementor-5032 .elementor-element.elementor-element-13e712f .elementor-heading-title{font-family:\"Amaranth\", Garamond, serif;font-size:20px;}.elementor-5032 .elementor-element.elementor-element-192f1e5 .elementor-heading-title{font-family:\"Amaranth\", Garamond, serif;font-size:20px;}.elementor-5032 .elementor-element.elementor-element-1b1747d .elementor-heading-title{font-family:\"Amaranth\", Garamond, serif;font-size:20px;}@media(max-width:767px){.elementor-5032 .elementor-element.elementor-element-eb25ebd{--width:48%;}.elementor-5032 .elementor-element.elementor-element-0463d54{--width:45%;}}<\/style>\n<div class=\"porto-block\" data-id=\"5032\">\n<div data-elementor-type=\"wp-post\" data-elementor-id=\"5032\" class=\"elementor elementor-5032\">\n<div class=\"elementor-element elementor-element-6708f33 e-flex e-con-boxed e-con e-parent\" data-id=\"6708f33\" data-element_type=\"container\" data-e-type=\"container\">\n<div class=\"e-con-inner\">\n<div class=\"elementor-element elementor-element-b0e2ccb elementor-widget elementor-widget-heading\" data-id=\"b0e2ccb\" data-element_type=\"widget\" data-e-type=\"widget\" data-widget_type=\"heading.default\">\n<div class=\"elementor-widget-container\">\n<h4 class=\"elementor-heading-title elementor-size-default\">Fakta<\/h4>\n<\/p><\/div>\n<\/p><\/div>\n<\/p><\/div>\n<\/p><\/div>\n<div class=\"elementor-element elementor-element-262aabd e-flex e-con-boxed e-con e-parent\" data-id=\"262aabd\" data-element_type=\"container\" data-e-type=\"container\">\n<div class=\"e-con-inner\">\n<div class=\"elementor-element elementor-element-eb25ebd e-con-full e-flex e-con e-child\" data-id=\"eb25ebd\" data-element_type=\"container\" data-e-type=\"container\">\n<div class=\"elementor-element elementor-element-69d9329 elementor-widget elementor-widget-heading\" data-id=\"69d9329\" data-element_type=\"widget\" data-e-type=\"widget\" data-widget_type=\"heading.default\">\n<div class=\"elementor-widget-container\">\n<h6 class=\"elementor-heading-title elementor-size-default\"><a href=\"https:\/\/vinavisen.dk\/sula-tropical-rose\/\" target=\"_blank\">Allergen<\/a><\/h6>\n<\/p><\/div>\n<\/p><\/div>\n<div class=\"elementor-element elementor-element-e4661b3 elementor-widget elementor-widget-heading\" data-id=\"e4661b3\" data-element_type=\"widget\" data-e-type=\"widget\" data-widget_type=\"heading.default\">\n<div class=\"elementor-widget-container\">\n<h6 class=\"elementor-heading-title elementor-size-default\"><a href=\"https:\/\/vinavisen.dk\/sula-tropical-rose\/\" target=\"_blank\">St\u00f8rrelse<\/a><\/h6>\n<\/p><\/div>\n<\/p><\/div>\n<div class=\"elementor-element elementor-element-2724999 elementor-widget elementor-widget-heading\" data-id=\"2724999\" data-element_type=\"widget\" data-e-type=\"widget\" data-widget_type=\"heading.default\">\n<div class=\"elementor-widget-container\">\n<h6 class=\"elementor-heading-title elementor-size-default\"><a href=\"https:\/\/vinavisen.dk\/sula-tropical-rose\/\" target=\"_blank\">Origin<\/a><\/h6>\n<\/p><\/div>\n<\/p><\/div>\n<\/p><\/div>\n<div class=\"elementor-element elementor-element-0463d54 e-con-full e-flex e-con e-child\" data-id=\"0463d54\" data-element_type=\"container\" data-e-type=\"container\">\n<div class=\"elementor-element elementor-element-0643339 elementor-widget elementor-widget-heading\" data-id=\"0643339\" data-element_type=\"widget\" data-e-type=\"widget\" data-widget_type=\"heading.default\">\n<div class=\"elementor-widget-container\">\n<h6 class=\"elementor-heading-title elementor-size-default\"><a href=\"https:\/\/vinavisen.dk\/sula-tropical-rose\/\" target=\"_blank\">Indeholder Sulfitter<\/a><\/h6>\n<\/p><\/div>\n<\/p><\/div>\n<div class=\"elementor-element elementor-element-13e712f elementor-widget elementor-widget-heading\" data-id=\"13e712f\" data-element_type=\"widget\" data-e-type=\"widget\" data-widget_type=\"heading.default\">\n<div class=\"elementor-widget-container\">\n<h6 class=\"elementor-heading-title elementor-size-default\"><a href=\"https:\/\/vinavisen.dk\/sula-tropical-rose\/\" target=\"_blank\">75 cl<\/a><\/h6>\n<\/p><\/div>\n<\/p><\/div>\n<div class=\"elementor-element elementor-element-192f1e5 elementor-widget elementor-widget-heading\" data-id=\"192f1e5\" data-element_type=\"widget\" data-e-type=\"widget\" data-widget_type=\"heading.default\">\n<div class=\"elementor-widget-container\">\n<h6 class=\"elementor-heading-title elementor-size-default\"><a href=\"https:\/\/vinavisen.dk\/sula-tropical-rose\/\" target=\"_blank\">Indien<\/a><\/h6>\n<\/p><\/div>\n<\/p><\/div>\n<\/p><\/div>\n<\/p><\/div>\n<\/p><\/div>\n<\/p><\/div>\n<\/p><\/div>\n<p>&nbsp;<\/p>\n","protected":false},"featured_media":8155,"template":"","meta":[],"product_brand":[182],"product_cat":[101,155,75,150],"product_tag":[110,108,122,187,125],"class_list":{"0":"post-7157","1":"product","2":"type-product","3":"status-publish","4":"has-post-thumbnail","6":"product_brand-fratelli","7":"product_cat-all","8":"product_cat-chardonnay","9":"product_cat-white","10":"product_cat-sauvignon-blanc","11":"product_tag-biryani","12":"product_tag-butter-chicken","13":"product_tag-chilli-chicken","14":"product_tag-malai-kofta","15":"product_tag-methi-aloo-chicken","17":"first","18":"instock","19":"sale","20":"taxable","21":"shipping-taxable","22":"purchasable","23":"product-type-simple"},"jetpack_sharing_enabled":true,"_links":{"self":[{"href":"https:\/\/vindien.dk\/da_dk\/wp-json\/wp\/v2\/product\/7157","targetHints":{"allow":["GET"]}}],"collection":[{"href":"https:\/\/vindien.dk\/da_dk\/wp-json\/wp\/v2\/product"}],"about":[{"href":"https:\/\/vindien.dk\/da_dk\/wp-json\/wp\/v2\/types\/product"}],"version-history":[{"count":5,"href":"https:\/\/vindien.dk\/da_dk\/wp-json\/wp\/v2\/product\/7157\/revisions"}],"predecessor-version":[{"id":8484,"href":"https:\/\/vindien.dk\/da_dk\/wp-json\/wp\/v2\/product\/7157\/revisions\/8484"}],"wp:featuredmedia":[{"embeddable":true,"href":"https:\/\/vindien.dk\/da_dk\/wp-json\/wp\/v2\/media\/8155"}],"wp:attachment":[{"href":"https:\/\/vindien.dk\/da_dk\/wp-json\/wp\/v2\/media?parent=7157"}],"wp:term":[{"taxonomy":"product_brand","embeddable":true,"href":"https:\/\/vindien.dk\/da_dk\/wp-json\/wp\/v2\/product_brand?post=7157"},{"taxonomy":"product_cat","embeddable":true,"href":"https:\/\/vindien.dk\/da_dk\/wp-json\/wp\/v2\/product_cat?post=7157"},{"taxonomy":"product_tag","embeddable":true,"href":"https:\/\/vindien.dk\/da_dk\/wp-json\/wp\/v2\/product_tag?post=7157"}],"curies":[{"name":"wp","href":"https:\/\/api.w.org\/{rel}","templated":true}]}}