{"id":6487,"date":"2025-07-13T14:07:24","date_gmt":"2025-07-13T14:07:24","guid":{"rendered":"https:\/\/vindien.dk\/?post_type=product&#038;p=6487"},"modified":"2026-02-03T15:57:44","modified_gmt":"2026-02-03T15:57:44","slug":"kindzmarauli-georgisk-vin","status":"publish","type":"product","link":"https:\/\/vindien.dk\/da_dk\/product\/kindzmarauli-georgisk-vin\/","title":{"rendered":"Kindzmarauli Georgisk Vin"},"content":{"rendered":"","protected":false},"excerpt":{"rendered":"<p>Vinen har en granatr\u00f8d farve Aromaerne af bromb\u00e6r, r\u00f8get solb\u00e6r, overmodne kirseb\u00e6r Den indledende smag domineres af s\u00f8de og modne bromb\u00e6r og hindb\u00e6rdressing. Det ender med en livlig syrlighed og en s\u00f8d frugtagtig eftersmag. Vinen passer godt sammen med frugter og ost<\/p>\n<p>Producer:GRW (Georgian Royal Wine)<\/p>\n<p>Drue: 100% Saperavi.<\/p>\n<p>Alkohol: 11% Vol.<\/p>\n<style>.elementor-6638 .elementor-element.elementor-element-6708f33{--display:flex;--flex-direction:column;--container-widget-width:100%;--container-widget-height:initial;--container-widget-flex-grow:0;--container-widget-align-self:initial;--flex-wrap-mobile:wrap;}.elementor-6638 .elementor-element.elementor-element-b0e2ccb{text-align:center;}.elementor-6638 .elementor-element.elementor-element-b0e2ccb .elementor-heading-title{font-family:\"Amaranth\", Garamond, serif;color:var( --e-global-color-primary );}.elementor-6638 .elementor-element.elementor-element-262aabd{--display:flex;--flex-direction:row;--container-widget-width:initial;--container-widget-height:100%;--container-widget-flex-grow:1;--container-widget-align-self:stretch;--flex-wrap-mobile:wrap;border-style:solid;--border-style:solid;border-width:1px 0px 1px 0px;--border-top-width:1px;--border-right-width:0px;--border-bottom-width:1px;--border-left-width:0px;border-color:#999999;--border-color:#999999;--margin-top:0px;--margin-bottom:10px;--margin-left:0px;--margin-right:0px;--padding-block-start:30px;--padding-block-end:0px;--padding-inline-start:30px;--padding-inline-end:30px;}.container-fluid .e-parent.e-con-full .e-con-boxed.elementor-element-262aabd{--padding-inline-start:30px;--padding-inline-end:30px;}.elementor-6638 .elementor-element.elementor-element-eb25ebd{--display:flex;--justify-content:space-evenly;--align-items:flex-end;--container-widget-width:calc( ( 1 - var( --container-widget-flex-grow ) ) * 100% );}.elementor-6638 .elementor-element.elementor-element-69d9329 .elementor-heading-title{font-family:\"Amaranth\", Garamond, serif;font-size:20px;}.elementor-6638 .elementor-element.elementor-element-e4661b3 .elementor-heading-title{font-family:\"Amaranth\", Garamond, serif;font-size:20px;}.elementor-6638 .elementor-element.elementor-element-2724999 .elementor-heading-title{font-family:\"Amaranth\", Garamond, serif;font-size:20px;}.elementor-6638 .elementor-element.elementor-element-0463d54{--display:flex;--justify-content:space-evenly;}.elementor-6638 .elementor-element.elementor-element-0643339 .elementor-heading-title{font-family:\"Amaranth\", Garamond, serif;font-size:20px;}.elementor-6638 .elementor-element.elementor-element-13e712f .elementor-heading-title{font-family:\"Amaranth\", Garamond, serif;font-size:20px;}.elementor-6638 .elementor-element.elementor-element-192f1e5 .elementor-heading-title{font-family:\"Amaranth\", Garamond, serif;font-size:20px;}.elementor-6638 .elementor-element.elementor-element-bcff2c6{--display:flex;}@media(max-width:767px){.elementor-6638 .elementor-element.elementor-element-eb25ebd{--width:48%;}.elementor-6638 .elementor-element.elementor-element-0463d54{--width:45%;}}<\/style>\n<div class=\"porto-block\" data-id=\"6638\">\n<div data-elementor-type=\"wp-post\" data-elementor-id=\"6638\" class=\"elementor elementor-6638\">\n<div class=\"elementor-element elementor-element-6708f33 e-flex e-con-boxed e-con e-parent\" data-id=\"6708f33\" data-element_type=\"container\" data-e-type=\"container\">\n<div class=\"e-con-inner\">\n<div class=\"elementor-element elementor-element-b0e2ccb elementor-widget elementor-widget-heading\" data-id=\"b0e2ccb\" data-element_type=\"widget\" data-e-type=\"widget\" data-widget_type=\"heading.default\">\n<div class=\"elementor-widget-container\">\n<h4 class=\"elementor-heading-title elementor-size-default\">Fakta<\/h4>\n<\/p><\/div>\n<\/p><\/div>\n<\/p><\/div>\n<\/p><\/div>\n<div class=\"elementor-element elementor-element-262aabd e-flex e-con-boxed e-con e-parent\" data-id=\"262aabd\" data-element_type=\"container\" data-e-type=\"container\">\n<div class=\"e-con-inner\">\n<div class=\"elementor-element elementor-element-eb25ebd e-con-full e-flex e-con e-child\" data-id=\"eb25ebd\" data-element_type=\"container\" data-e-type=\"container\">\n<div class=\"elementor-element elementor-element-69d9329 elementor-widget elementor-widget-heading\" data-id=\"69d9329\" data-element_type=\"widget\" data-e-type=\"widget\" data-widget_type=\"heading.default\">\n<div class=\"elementor-widget-container\">\n<h6 class=\"elementor-heading-title elementor-size-default\"><a href=\"https:\/\/vinavisen.dk\/sula-tropical-rose\/\" target=\"_blank\">Allergen<\/a><\/h6>\n<\/p><\/div>\n<\/p><\/div>\n<div class=\"elementor-element elementor-element-e4661b3 elementor-widget elementor-widget-heading\" data-id=\"e4661b3\" data-element_type=\"widget\" data-e-type=\"widget\" data-widget_type=\"heading.default\">\n<div class=\"elementor-widget-container\">\n<h6 class=\"elementor-heading-title elementor-size-default\"><a href=\"https:\/\/vinavisen.dk\/sula-tropical-rose\/\" target=\"_blank\">St\u00f8rrelse<\/a><\/h6>\n<\/p><\/div>\n<\/p><\/div>\n<div class=\"elementor-element elementor-element-2724999 elementor-widget elementor-widget-heading\" data-id=\"2724999\" data-element_type=\"widget\" data-e-type=\"widget\" data-widget_type=\"heading.default\">\n<div class=\"elementor-widget-container\">\n<h6 class=\"elementor-heading-title elementor-size-default\"><a href=\"https:\/\/vinavisen.dk\/sula-tropical-rose\/\" target=\"_blank\">Origin<\/a><\/h6>\n<\/p><\/div>\n<\/p><\/div>\n<\/p><\/div>\n<div class=\"elementor-element elementor-element-0463d54 e-con-full e-flex e-con e-child\" data-id=\"0463d54\" data-element_type=\"container\" data-e-type=\"container\">\n<div class=\"elementor-element elementor-element-0643339 elementor-widget elementor-widget-heading\" data-id=\"0643339\" data-element_type=\"widget\" data-e-type=\"widget\" data-widget_type=\"heading.default\">\n<div class=\"elementor-widget-container\">\n<h6 class=\"elementor-heading-title elementor-size-default\"><a href=\"https:\/\/vinavisen.dk\/sula-tropical-rose\/\" target=\"_blank\">Indeholder Sulfitter<\/a><\/h6>\n<\/p><\/div>\n<\/p><\/div>\n<div class=\"elementor-element elementor-element-13e712f elementor-widget elementor-widget-heading\" data-id=\"13e712f\" data-element_type=\"widget\" data-e-type=\"widget\" data-widget_type=\"heading.default\">\n<div class=\"elementor-widget-container\">\n<h6 class=\"elementor-heading-title elementor-size-default\"><a href=\"https:\/\/vinavisen.dk\/sula-tropical-rose\/\" target=\"_blank\">75 cl<\/a><\/h6>\n<\/p><\/div>\n<\/p><\/div>\n<div class=\"elementor-element elementor-element-192f1e5 elementor-widget elementor-widget-heading\" data-id=\"192f1e5\" data-element_type=\"widget\" data-e-type=\"widget\" data-widget_type=\"heading.default\">\n<div class=\"elementor-widget-container\">\n<h6 class=\"elementor-heading-title elementor-size-default\"><a href=\"https:\/\/vinavisen.dk\/sula-tropical-rose\/\" target=\"_blank\">Georgien<\/a><\/h6>\n<\/p><\/div>\n<\/p><\/div>\n<\/p><\/div>\n<\/p><\/div>\n<\/p><\/div>\n<div class=\"elementor-element elementor-element-bcff2c6 e-flex e-con-boxed e-con e-parent\" data-id=\"bcff2c6\" data-element_type=\"container\" data-e-type=\"container\">\n<div class=\"e-con-inner\">\n\t\t\t\t\t<\/div>\n<\/p><\/div>\n<\/p><\/div>\n<\/p><\/div>\n","protected":false},"featured_media":6488,"template":"","meta":[],"product_brand":[160,145],"product_cat":[101,162,181,72,161],"product_tag":[],"class_list":{"0":"post-6487","1":"product","2":"type-product","3":"status-publish","4":"has-post-thumbnail","6":"product_brand-georgian-royal-wines","7":"product_brand-ikke-indisk","8":"product_cat-all","9":"product_cat-indeholder-sulfitter","10":"product_cat-other","11":"product_cat-red","12":"product_cat-saperavi","14":"first","15":"instock","16":"taxable","17":"shipping-taxable","18":"purchasable","19":"product-type-simple"},"jetpack_sharing_enabled":true,"_links":{"self":[{"href":"https:\/\/vindien.dk\/da_dk\/wp-json\/wp\/v2\/product\/6487","targetHints":{"allow":["GET"]}}],"collection":[{"href":"https:\/\/vindien.dk\/da_dk\/wp-json\/wp\/v2\/product"}],"about":[{"href":"https:\/\/vindien.dk\/da_dk\/wp-json\/wp\/v2\/types\/product"}],"version-history":[{"count":2,"href":"https:\/\/vindien.dk\/da_dk\/wp-json\/wp\/v2\/product\/6487\/revisions"}],"predecessor-version":[{"id":6644,"href":"https:\/\/vindien.dk\/da_dk\/wp-json\/wp\/v2\/product\/6487\/revisions\/6644"}],"wp:featuredmedia":[{"embeddable":true,"href":"https:\/\/vindien.dk\/da_dk\/wp-json\/wp\/v2\/media\/6488"}],"wp:attachment":[{"href":"https:\/\/vindien.dk\/da_dk\/wp-json\/wp\/v2\/media?parent=6487"}],"wp:term":[{"taxonomy":"product_brand","embeddable":true,"href":"https:\/\/vindien.dk\/da_dk\/wp-json\/wp\/v2\/product_brand?post=6487"},{"taxonomy":"product_cat","embeddable":true,"href":"https:\/\/vindien.dk\/da_dk\/wp-json\/wp\/v2\/product_cat?post=6487"},{"taxonomy":"product_tag","embeddable":true,"href":"https:\/\/vindien.dk\/da_dk\/wp-json\/wp\/v2\/product_tag?post=6487"}],"curies":[{"name":"wp","href":"https:\/\/api.w.org\/{rel}","templated":true}]}}