{"id":6329,"date":"2025-06-17T09:38:28","date_gmt":"2025-06-17T09:38:28","guid":{"rendered":"https:\/\/vindien.dk\/?post_type=product&#038;p=6329"},"modified":"2026-02-24T14:43:54","modified_gmt":"2026-02-24T14:43:54","slug":"vijay-amritage-viognier","status":"publish","type":"product","link":"https:\/\/vindien.dk\/da_dk\/product\/vijay-amritage-viognier\/","title":{"rendered":"Vijay Amritage Viognier"},"content":{"rendered":"","protected":false},"excerpt":{"rendered":"<style>.elementor-6557 .elementor-element.elementor-element-6708f33{--display:flex;--flex-direction:column;--container-widget-width:100%;--container-widget-height:initial;--container-widget-flex-grow:0;--container-widget-align-self:initial;--flex-wrap-mobile:wrap;}.elementor-6557 .elementor-element.elementor-element-b0e2ccb{text-align:center;}.elementor-6557 .elementor-element.elementor-element-b0e2ccb .elementor-heading-title{font-family:\"Amaranth\", Garamond, serif;color:var( --e-global-color-primary );}.elementor-6557 .elementor-element.elementor-element-262aabd{--display:flex;--flex-direction:row;--container-widget-width:initial;--container-widget-height:100%;--container-widget-flex-grow:1;--container-widget-align-self:stretch;--flex-wrap-mobile:wrap;border-style:solid;--border-style:solid;border-width:1px 0px 1px 0px;--border-top-width:1px;--border-right-width:0px;--border-bottom-width:1px;--border-left-width:0px;border-color:#999999;--border-color:#999999;--margin-top:0px;--margin-bottom:10px;--margin-left:0px;--margin-right:0px;--padding-block-start:30px;--padding-block-end:0px;--padding-inline-start:30px;--padding-inline-end:30px;}.container-fluid .e-parent.e-con-full .e-con-boxed.elementor-element-262aabd{--padding-inline-start:30px;--padding-inline-end:30px;}.elementor-6557 .elementor-element.elementor-element-0463d54{--display:flex;--justify-content:space-between;}.elementor-6557 .elementor-element.elementor-element-378e44c{text-align:end;}.elementor-6557 .elementor-element.elementor-element-378e44c .elementor-heading-title{font-family:\"Amaranth\", Garamond, serif;font-size:20px;}.elementor-6557 .elementor-element.elementor-element-050e5bd{text-align:end;}.elementor-6557 .elementor-element.elementor-element-050e5bd .elementor-heading-title{font-family:\"Amaranth\", Garamond, serif;font-size:20px;}.elementor-6557 .elementor-element.elementor-element-d0fead0{--display:flex;}.elementor-6557 .elementor-element.elementor-element-3af83ae{--display:flex;--justify-content:space-between;}.elementor-6557 .elementor-element.elementor-element-5fc0e3c .elementor-heading-title{font-family:\"Amaranth\", Garamond, serif;font-size:20px;}.elementor-6557 .elementor-element.elementor-element-9b4aaf0 .elementor-heading-title{font-family:\"Amaranth\", Garamond, serif;font-size:20px;}.elementor-6557 .elementor-element.elementor-element-79e4598{--display:flex;}.elementor-6557 .elementor-element.elementor-element-bcff2c6{--display:flex;}@media(max-width:767px){.elementor-6557 .elementor-element.elementor-element-0463d54{--width:45%;}.elementor-6557 .elementor-element.elementor-element-3af83ae{--width:45%;}}<\/style>\n<div class=\"porto-block\" data-id=\"6557\">\n<div data-elementor-type=\"wp-post\" data-elementor-id=\"6557\" class=\"elementor elementor-6557\">\n<div class=\"elementor-element elementor-element-6708f33 e-flex e-con-boxed e-con e-parent\" data-id=\"6708f33\" data-element_type=\"container\" data-e-type=\"container\">\n<div class=\"e-con-inner\">\n<div class=\"elementor-element elementor-element-b0e2ccb elementor-widget elementor-widget-heading\" data-id=\"b0e2ccb\" data-element_type=\"widget\" data-e-type=\"widget\" data-widget_type=\"heading.default\">\n<div class=\"elementor-widget-container\">\n<h4 class=\"elementor-heading-title elementor-size-default\">Reviews from Danish wine critics<\/h4>\n<\/p><\/div>\n<\/p><\/div>\n<\/p><\/div>\n<\/p><\/div>\n<div class=\"elementor-element elementor-element-262aabd e-flex e-con-boxed e-con e-parent\" data-id=\"262aabd\" data-element_type=\"container\" data-e-type=\"container\">\n<div class=\"e-con-inner\">\n<div class=\"elementor-element elementor-element-0463d54 e-con-full e-flex e-con e-child\" data-id=\"0463d54\" data-element_type=\"container\" data-e-type=\"container\">\n<div class=\"elementor-element elementor-element-378e44c elementor-widget elementor-widget-heading\" data-id=\"378e44c\" data-element_type=\"widget\" data-e-type=\"widget\" data-widget_type=\"heading.default\">\n<div class=\"elementor-widget-container\">\n<h6 class=\"elementor-heading-title elementor-size-default\"><a href=\"https:\/\/www.spritnyt.com\/2025\/08\/uge-31-de-bedste-vinkoeb\/\" target=\"_blank\">Thomas Rydberg<\/a><\/h6>\n<\/p><\/div>\n<\/p><\/div>\n<div class=\"elementor-element elementor-element-050e5bd elementor-widget elementor-widget-heading\" data-id=\"050e5bd\" data-element_type=\"widget\" data-e-type=\"widget\" data-widget_type=\"heading.default\">\n<div class=\"elementor-widget-container\">\n<h6 class=\"elementor-heading-title elementor-size-default\"><a href=\"https:\/\/awards.decanter.com\/DAWA\/any\/wines\/588221\" target=\"_blank\">Decanter (2018)<\/a><\/h6>\n<\/p><\/div>\n<\/p><\/div>\n<div class=\"elementor-element elementor-element-d0fead0 e-con-full e-flex e-con e-child\" data-id=\"d0fead0\" data-element_type=\"container\" data-e-type=\"container\">\n\t\t\t\t<\/div>\n<\/p><\/div>\n<div class=\"elementor-element elementor-element-3af83ae e-con-full e-flex e-con e-child\" data-id=\"3af83ae\" data-element_type=\"container\" data-e-type=\"container\">\n<div class=\"elementor-element elementor-element-5fc0e3c elementor-widget elementor-widget-heading\" data-id=\"5fc0e3c\" data-element_type=\"widget\" data-e-type=\"widget\" data-widget_type=\"heading.default\">\n<div class=\"elementor-widget-container\">\n<h6 class=\"elementor-heading-title elementor-size-default\"><a href=\"https:\/\/vinavisen.dk\/grover-la-reserve-fume-blanc\/\" target=\"_blank\">91 Points<\/a><\/h6>\n<\/p><\/div>\n<\/p><\/div>\n<div class=\"elementor-element elementor-element-9b4aaf0 elementor-widget elementor-widget-heading\" data-id=\"9b4aaf0\" data-element_type=\"widget\" data-e-type=\"widget\" data-widget_type=\"heading.default\">\n<div class=\"elementor-widget-container\">\n<h6 class=\"elementor-heading-title elementor-size-default\"><a href=\"https:\/\/vinavisen.dk\/grover-la-reserve-fume-blanc\/\" target=\"_blank\">95 Points<\/a><\/h6>\n<\/p><\/div>\n<\/p><\/div>\n<div class=\"elementor-element elementor-element-79e4598 e-con-full e-flex e-con e-child\" data-id=\"79e4598\" data-element_type=\"container\" data-e-type=\"container\">\n\t\t\t\t<\/div>\n<\/p><\/div>\n<\/p><\/div>\n<\/p><\/div>\n<div class=\"elementor-element elementor-element-bcff2c6 e-flex e-con-boxed e-con e-parent\" data-id=\"bcff2c6\" data-element_type=\"container\" data-e-type=\"container\">\n<div class=\"e-con-inner\">\n\t\t\t\t\t<\/div>\n<\/p><\/div>\n<\/p><\/div>\n<\/p><\/div>\n<p>Aromaer af fersken, honning og t\u00f8rrede abrikoser med blomsternoter og antydninger af vanilje fra den franske eg-integration.<\/p>\n<p>Fadg\u00e6ret og lagret p\u00e5 bundfald af nyt egetr\u00e6.<\/p>\n<p>Druer: 100% Viognier<\/p>\n<p>Alkohol: 14% vol<\/p>\n<style>.elementor-5032 .elementor-element.elementor-element-6708f33{--display:flex;--flex-direction:column;--container-widget-width:100%;--container-widget-height:initial;--container-widget-flex-grow:0;--container-widget-align-self:initial;--flex-wrap-mobile:wrap;}.elementor-5032 .elementor-element.elementor-element-b0e2ccb{text-align:center;}.elementor-5032 .elementor-element.elementor-element-b0e2ccb .elementor-heading-title{font-family:\"Amaranth\", Garamond, serif;font-size:25px;font-weight:600;color:var( --e-global-color-primary );}.elementor-5032 .elementor-element.elementor-element-262aabd{--display:flex;--flex-direction:row;--container-widget-width:initial;--container-widget-height:100%;--container-widget-flex-grow:1;--container-widget-align-self:stretch;--flex-wrap-mobile:wrap;border-style:solid;--border-style:solid;border-width:1px 0px 1px 0px;--border-top-width:1px;--border-right-width:0px;--border-bottom-width:1px;--border-left-width:0px;border-color:#999999;--border-color:#999999;--margin-top:0px;--margin-bottom:10px;--margin-left:0px;--margin-right:0px;--padding-block-start:30px;--padding-block-end:0px;--padding-inline-start:30px;--padding-inline-end:30px;}.container-fluid .e-parent.e-con-full .e-con-boxed.elementor-element-262aabd{--padding-inline-start:30px;--padding-inline-end:30px;}.elementor-5032 .elementor-element.elementor-element-eb25ebd{--display:flex;--justify-content:space-evenly;--align-items:flex-end;--container-widget-width:calc( ( 1 - var( --container-widget-flex-grow ) ) * 100% );}.elementor-5032 .elementor-element.elementor-element-69d9329 .elementor-heading-title{font-family:\"Amaranth\", Garamond, serif;font-size:20px;}.elementor-5032 .elementor-element.elementor-element-e4661b3 .elementor-heading-title{font-family:\"Amaranth\", Garamond, serif;font-size:20px;}.elementor-5032 .elementor-element.elementor-element-2724999 .elementor-heading-title{font-family:\"Amaranth\", Garamond, serif;font-size:20px;}.elementor-5032 .elementor-element.elementor-element-25a527f .elementor-heading-title{font-family:\"Amaranth\", Garamond, serif;font-size:20px;}.elementor-5032 .elementor-element.elementor-element-0463d54{--display:flex;--justify-content:space-evenly;}.elementor-5032 .elementor-element.elementor-element-0643339 .elementor-heading-title{font-family:\"Amaranth\", Garamond, serif;font-size:20px;}.elementor-5032 .elementor-element.elementor-element-13e712f .elementor-heading-title{font-family:\"Amaranth\", Garamond, serif;font-size:20px;}.elementor-5032 .elementor-element.elementor-element-192f1e5 .elementor-heading-title{font-family:\"Amaranth\", Garamond, serif;font-size:20px;}.elementor-5032 .elementor-element.elementor-element-1b1747d .elementor-heading-title{font-family:\"Amaranth\", Garamond, serif;font-size:20px;}@media(max-width:767px){.elementor-5032 .elementor-element.elementor-element-eb25ebd{--width:48%;}.elementor-5032 .elementor-element.elementor-element-0463d54{--width:45%;}}<\/style>\n<div class=\"porto-block\" data-id=\"5032\">\n<div data-elementor-type=\"wp-post\" data-elementor-id=\"5032\" class=\"elementor elementor-5032\">\n<div class=\"elementor-element elementor-element-6708f33 e-flex e-con-boxed e-con e-parent\" data-id=\"6708f33\" data-element_type=\"container\" data-e-type=\"container\">\n<div class=\"e-con-inner\">\n<div class=\"elementor-element elementor-element-b0e2ccb elementor-widget elementor-widget-heading\" data-id=\"b0e2ccb\" data-element_type=\"widget\" data-e-type=\"widget\" data-widget_type=\"heading.default\">\n<div class=\"elementor-widget-container\">\n<h4 class=\"elementor-heading-title elementor-size-default\">Fakta<\/h4>\n<\/p><\/div>\n<\/p><\/div>\n<\/p><\/div>\n<\/p><\/div>\n<div class=\"elementor-element elementor-element-262aabd e-flex e-con-boxed e-con e-parent\" data-id=\"262aabd\" data-element_type=\"container\" data-e-type=\"container\">\n<div class=\"e-con-inner\">\n<div class=\"elementor-element elementor-element-eb25ebd e-con-full e-flex e-con e-child\" data-id=\"eb25ebd\" data-element_type=\"container\" data-e-type=\"container\">\n<div class=\"elementor-element elementor-element-69d9329 elementor-widget elementor-widget-heading\" data-id=\"69d9329\" data-element_type=\"widget\" data-e-type=\"widget\" data-widget_type=\"heading.default\">\n<div class=\"elementor-widget-container\">\n<h6 class=\"elementor-heading-title elementor-size-default\"><a href=\"https:\/\/vinavisen.dk\/sula-tropical-rose\/\" target=\"_blank\">Allergen<\/a><\/h6>\n<\/p><\/div>\n<\/p><\/div>\n<div class=\"elementor-element elementor-element-e4661b3 elementor-widget elementor-widget-heading\" data-id=\"e4661b3\" data-element_type=\"widget\" data-e-type=\"widget\" data-widget_type=\"heading.default\">\n<div class=\"elementor-widget-container\">\n<h6 class=\"elementor-heading-title elementor-size-default\"><a href=\"https:\/\/vinavisen.dk\/sula-tropical-rose\/\" target=\"_blank\">St\u00f8rrelse<\/a><\/h6>\n<\/p><\/div>\n<\/p><\/div>\n<div class=\"elementor-element elementor-element-2724999 elementor-widget elementor-widget-heading\" data-id=\"2724999\" data-element_type=\"widget\" data-e-type=\"widget\" data-widget_type=\"heading.default\">\n<div class=\"elementor-widget-container\">\n<h6 class=\"elementor-heading-title elementor-size-default\"><a href=\"https:\/\/vinavisen.dk\/sula-tropical-rose\/\" target=\"_blank\">Origin<\/a><\/h6>\n<\/p><\/div>\n<\/p><\/div>\n<\/p><\/div>\n<div class=\"elementor-element elementor-element-0463d54 e-con-full e-flex e-con e-child\" data-id=\"0463d54\" data-element_type=\"container\" data-e-type=\"container\">\n<div class=\"elementor-element elementor-element-0643339 elementor-widget elementor-widget-heading\" data-id=\"0643339\" data-element_type=\"widget\" data-e-type=\"widget\" data-widget_type=\"heading.default\">\n<div class=\"elementor-widget-container\">\n<h6 class=\"elementor-heading-title elementor-size-default\"><a href=\"https:\/\/vinavisen.dk\/sula-tropical-rose\/\" target=\"_blank\">Indeholder Sulfitter<\/a><\/h6>\n<\/p><\/div>\n<\/p><\/div>\n<div class=\"elementor-element elementor-element-13e712f elementor-widget elementor-widget-heading\" data-id=\"13e712f\" data-element_type=\"widget\" data-e-type=\"widget\" data-widget_type=\"heading.default\">\n<div class=\"elementor-widget-container\">\n<h6 class=\"elementor-heading-title elementor-size-default\"><a href=\"https:\/\/vinavisen.dk\/sula-tropical-rose\/\" target=\"_blank\">75 cl<\/a><\/h6>\n<\/p><\/div>\n<\/p><\/div>\n<div class=\"elementor-element elementor-element-192f1e5 elementor-widget elementor-widget-heading\" data-id=\"192f1e5\" data-element_type=\"widget\" data-e-type=\"widget\" data-widget_type=\"heading.default\">\n<div class=\"elementor-widget-container\">\n<h6 class=\"elementor-heading-title elementor-size-default\"><a href=\"https:\/\/vinavisen.dk\/sula-tropical-rose\/\" target=\"_blank\">Indien<\/a><\/h6>\n<\/p><\/div>\n<\/p><\/div>\n<\/p><\/div>\n<\/p><\/div>\n<\/p><\/div>\n<\/p><\/div>\n<\/p><\/div>\n<p>&nbsp;<\/p>\n","protected":false},"featured_media":6330,"template":"","meta":[],"product_brand":[139],"product_cat":[101,75,162,154],"product_tag":[110,108,129,115],"class_list":{"0":"post-6329","1":"product","2":"type-product","3":"status-publish","4":"has-post-thumbnail","6":"product_brand-grover","7":"product_cat-all","8":"product_cat-white","9":"product_cat-indeholder-sulfitter","10":"product_cat-viognier","11":"product_tag-biryani","12":"product_tag-butter-chicken","13":"product_tag-egg-bhurji","14":"product_tag-fish-curry","16":"first","17":"instock","18":"taxable","19":"shipping-taxable","20":"purchasable","21":"product-type-simple"},"jetpack_sharing_enabled":true,"_links":{"self":[{"href":"https:\/\/vindien.dk\/da_dk\/wp-json\/wp\/v2\/product\/6329","targetHints":{"allow":["GET"]}}],"collection":[{"href":"https:\/\/vindien.dk\/da_dk\/wp-json\/wp\/v2\/product"}],"about":[{"href":"https:\/\/vindien.dk\/da_dk\/wp-json\/wp\/v2\/types\/product"}],"version-history":[{"count":5,"href":"https:\/\/vindien.dk\/da_dk\/wp-json\/wp\/v2\/product\/6329\/revisions"}],"predecessor-version":[{"id":6601,"href":"https:\/\/vindien.dk\/da_dk\/wp-json\/wp\/v2\/product\/6329\/revisions\/6601"}],"wp:featuredmedia":[{"embeddable":true,"href":"https:\/\/vindien.dk\/da_dk\/wp-json\/wp\/v2\/media\/6330"}],"wp:attachment":[{"href":"https:\/\/vindien.dk\/da_dk\/wp-json\/wp\/v2\/media?parent=6329"}],"wp:term":[{"taxonomy":"product_brand","embeddable":true,"href":"https:\/\/vindien.dk\/da_dk\/wp-json\/wp\/v2\/product_brand?post=6329"},{"taxonomy":"product_cat","embeddable":true,"href":"https:\/\/vindien.dk\/da_dk\/wp-json\/wp\/v2\/product_cat?post=6329"},{"taxonomy":"product_tag","embeddable":true,"href":"https:\/\/vindien.dk\/da_dk\/wp-json\/wp\/v2\/product_tag?post=6329"}],"curies":[{"name":"wp","href":"https:\/\/api.w.org\/{rel}","templated":true}]}}