{"id":6296,"date":"2025-06-11T09:22:14","date_gmt":"2025-06-11T09:22:14","guid":{"rendered":"https:\/\/vindien.dk\/?post_type=product&#038;p=6296"},"modified":"2026-02-06T20:54:31","modified_gmt":"2026-02-06T20:54:31","slug":"kvanchakara-2022-georgisk-vin","status":"publish","type":"product","link":"https:\/\/vindien.dk\/da_dk\/product\/kvanchakara-2022-georgisk-vin\/","title":{"rendered":"Khvanchkara 2022 &#8211; Georgisk Vin"},"content":{"rendered":"","protected":false},"excerpt":{"rendered":"<p>Granat\u00e6ble, hindb\u00e6r og ristede mandler stiger alle op i denne vins komplekse bouquet. Det er en 50\/50 blanding af Aleksandrouli og Mujuretuli, de lokale druer, der giver denne halvs\u00f8de r\u00f8dvin en livlig rubinr\u00f8d farve. Frugterne dyrkes i en tyk humus-karbonatjord p\u00e5 h\u00f8jre bred af Rioni-floden. Denne blanding er yderst behagelig at drikke, med s\u00f8de smagsnoter af jordb\u00e6r og r\u00f8de frugter, der danser p\u00e5 ganen, afbalanceret af en forfriskende syre. Den er den perfekte partner til bl\u00f8d, rigt smagsat ost, let n\u00f8ddekage eller Lobiani &#8211; et georgisk br\u00f8d fyldt med b\u00f8nner.<\/p>\n<p>Druer: Aleksandrouli og Mujuretuli,<\/p>\n<p>Alkohol: 11.5%Vol<\/p>\n<style>.elementor-6638 .elementor-element.elementor-element-6708f33{--display:flex;--flex-direction:column;--container-widget-width:100%;--container-widget-height:initial;--container-widget-flex-grow:0;--container-widget-align-self:initial;--flex-wrap-mobile:wrap;}.elementor-6638 .elementor-element.elementor-element-b0e2ccb{text-align:center;}.elementor-6638 .elementor-element.elementor-element-b0e2ccb .elementor-heading-title{font-family:\"Amaranth\", Garamond, serif;color:var( --e-global-color-primary );}.elementor-6638 .elementor-element.elementor-element-262aabd{--display:flex;--flex-direction:row;--container-widget-width:initial;--container-widget-height:100%;--container-widget-flex-grow:1;--container-widget-align-self:stretch;--flex-wrap-mobile:wrap;border-style:solid;--border-style:solid;border-width:1px 0px 1px 0px;--border-top-width:1px;--border-right-width:0px;--border-bottom-width:1px;--border-left-width:0px;border-color:#999999;--border-color:#999999;--margin-top:0px;--margin-bottom:10px;--margin-left:0px;--margin-right:0px;--padding-block-start:30px;--padding-block-end:0px;--padding-inline-start:30px;--padding-inline-end:30px;}.container-fluid .e-parent.e-con-full .e-con-boxed.elementor-element-262aabd{--padding-inline-start:30px;--padding-inline-end:30px;}.elementor-6638 .elementor-element.elementor-element-eb25ebd{--display:flex;--justify-content:space-evenly;--align-items:flex-end;--container-widget-width:calc( ( 1 - var( --container-widget-flex-grow ) ) * 100% );}.elementor-6638 .elementor-element.elementor-element-69d9329 .elementor-heading-title{font-family:\"Amaranth\", Garamond, serif;font-size:20px;}.elementor-6638 .elementor-element.elementor-element-e4661b3 .elementor-heading-title{font-family:\"Amaranth\", Garamond, serif;font-size:20px;}.elementor-6638 .elementor-element.elementor-element-2724999 .elementor-heading-title{font-family:\"Amaranth\", Garamond, serif;font-size:20px;}.elementor-6638 .elementor-element.elementor-element-0463d54{--display:flex;--justify-content:space-evenly;}.elementor-6638 .elementor-element.elementor-element-0643339 .elementor-heading-title{font-family:\"Amaranth\", Garamond, serif;font-size:20px;}.elementor-6638 .elementor-element.elementor-element-13e712f .elementor-heading-title{font-family:\"Amaranth\", Garamond, serif;font-size:20px;}.elementor-6638 .elementor-element.elementor-element-192f1e5 .elementor-heading-title{font-family:\"Amaranth\", Garamond, serif;font-size:20px;}.elementor-6638 .elementor-element.elementor-element-bcff2c6{--display:flex;}@media(max-width:767px){.elementor-6638 .elementor-element.elementor-element-eb25ebd{--width:48%;}.elementor-6638 .elementor-element.elementor-element-0463d54{--width:45%;}}<\/style>\n<div class=\"porto-block\" data-id=\"6638\">\n<div data-elementor-type=\"wp-post\" data-elementor-id=\"6638\" class=\"elementor elementor-6638\">\n<div class=\"elementor-element elementor-element-6708f33 e-flex e-con-boxed e-con e-parent\" data-id=\"6708f33\" data-element_type=\"container\" data-e-type=\"container\">\n<div class=\"e-con-inner\">\n<div class=\"elementor-element elementor-element-b0e2ccb elementor-widget elementor-widget-heading\" data-id=\"b0e2ccb\" data-element_type=\"widget\" data-e-type=\"widget\" data-widget_type=\"heading.default\">\n<div class=\"elementor-widget-container\">\n<h4 class=\"elementor-heading-title elementor-size-default\">Fakta<\/h4>\n<\/p><\/div>\n<\/p><\/div>\n<\/p><\/div>\n<\/p><\/div>\n<div class=\"elementor-element elementor-element-262aabd e-flex e-con-boxed e-con e-parent\" data-id=\"262aabd\" data-element_type=\"container\" data-e-type=\"container\">\n<div class=\"e-con-inner\">\n<div class=\"elementor-element elementor-element-eb25ebd e-con-full e-flex e-con e-child\" data-id=\"eb25ebd\" data-element_type=\"container\" data-e-type=\"container\">\n<div class=\"elementor-element elementor-element-69d9329 elementor-widget elementor-widget-heading\" data-id=\"69d9329\" data-element_type=\"widget\" data-e-type=\"widget\" data-widget_type=\"heading.default\">\n<div class=\"elementor-widget-container\">\n<h6 class=\"elementor-heading-title elementor-size-default\"><a href=\"https:\/\/vinavisen.dk\/sula-tropical-rose\/\" target=\"_blank\">Allergen<\/a><\/h6>\n<\/p><\/div>\n<\/p><\/div>\n<div class=\"elementor-element elementor-element-e4661b3 elementor-widget elementor-widget-heading\" data-id=\"e4661b3\" data-element_type=\"widget\" data-e-type=\"widget\" data-widget_type=\"heading.default\">\n<div class=\"elementor-widget-container\">\n<h6 class=\"elementor-heading-title elementor-size-default\"><a href=\"https:\/\/vinavisen.dk\/sula-tropical-rose\/\" target=\"_blank\">St\u00f8rrelse<\/a><\/h6>\n<\/p><\/div>\n<\/p><\/div>\n<div class=\"elementor-element elementor-element-2724999 elementor-widget elementor-widget-heading\" data-id=\"2724999\" data-element_type=\"widget\" data-e-type=\"widget\" data-widget_type=\"heading.default\">\n<div class=\"elementor-widget-container\">\n<h6 class=\"elementor-heading-title elementor-size-default\"><a href=\"https:\/\/vinavisen.dk\/sula-tropical-rose\/\" target=\"_blank\">Origin<\/a><\/h6>\n<\/p><\/div>\n<\/p><\/div>\n<\/p><\/div>\n<div class=\"elementor-element elementor-element-0463d54 e-con-full e-flex e-con e-child\" data-id=\"0463d54\" data-element_type=\"container\" data-e-type=\"container\">\n<div class=\"elementor-element elementor-element-0643339 elementor-widget elementor-widget-heading\" data-id=\"0643339\" data-element_type=\"widget\" data-e-type=\"widget\" data-widget_type=\"heading.default\">\n<div class=\"elementor-widget-container\">\n<h6 class=\"elementor-heading-title elementor-size-default\"><a href=\"https:\/\/vinavisen.dk\/sula-tropical-rose\/\" target=\"_blank\">Indeholder Sulfitter<\/a><\/h6>\n<\/p><\/div>\n<\/p><\/div>\n<div class=\"elementor-element elementor-element-13e712f elementor-widget elementor-widget-heading\" data-id=\"13e712f\" data-element_type=\"widget\" data-e-type=\"widget\" data-widget_type=\"heading.default\">\n<div class=\"elementor-widget-container\">\n<h6 class=\"elementor-heading-title elementor-size-default\"><a href=\"https:\/\/vinavisen.dk\/sula-tropical-rose\/\" target=\"_blank\">75 cl<\/a><\/h6>\n<\/p><\/div>\n<\/p><\/div>\n<div class=\"elementor-element elementor-element-192f1e5 elementor-widget elementor-widget-heading\" data-id=\"192f1e5\" data-element_type=\"widget\" data-e-type=\"widget\" data-widget_type=\"heading.default\">\n<div class=\"elementor-widget-container\">\n<h6 class=\"elementor-heading-title elementor-size-default\"><a href=\"https:\/\/vinavisen.dk\/sula-tropical-rose\/\" target=\"_blank\">Georgien<\/a><\/h6>\n<\/p><\/div>\n<\/p><\/div>\n<\/p><\/div>\n<\/p><\/div>\n<\/p><\/div>\n<div class=\"elementor-element elementor-element-bcff2c6 e-flex e-con-boxed e-con e-parent\" data-id=\"bcff2c6\" data-element_type=\"container\" data-e-type=\"container\">\n<div class=\"e-con-inner\">\n\t\t\t\t\t<\/div>\n<\/p><\/div>\n<\/p><\/div>\n<\/p><\/div>\n","protected":false},"featured_media":6297,"template":"","meta":[],"product_brand":[146],"product_cat":[101,162,181,72],"product_tag":[119,112],"class_list":{"0":"post-6296","1":"product","2":"type-product","3":"status-publish","4":"has-post-thumbnail","6":"product_brand-marani","7":"product_cat-all","8":"product_cat-indeholder-sulfitter","9":"product_cat-other","10":"product_cat-red","11":"product_tag-gulab-jamun","12":"product_tag-tikka-masala","14":"first","15":"instock","16":"sale","17":"taxable","18":"shipping-taxable","19":"purchasable","20":"product-type-simple"},"jetpack_sharing_enabled":true,"_links":{"self":[{"href":"https:\/\/vindien.dk\/da_dk\/wp-json\/wp\/v2\/product\/6296","targetHints":{"allow":["GET"]}}],"collection":[{"href":"https:\/\/vindien.dk\/da_dk\/wp-json\/wp\/v2\/product"}],"about":[{"href":"https:\/\/vindien.dk\/da_dk\/wp-json\/wp\/v2\/types\/product"}],"version-history":[{"count":3,"href":"https:\/\/vindien.dk\/da_dk\/wp-json\/wp\/v2\/product\/6296\/revisions"}],"predecessor-version":[{"id":6643,"href":"https:\/\/vindien.dk\/da_dk\/wp-json\/wp\/v2\/product\/6296\/revisions\/6643"}],"wp:featuredmedia":[{"embeddable":true,"href":"https:\/\/vindien.dk\/da_dk\/wp-json\/wp\/v2\/media\/6297"}],"wp:attachment":[{"href":"https:\/\/vindien.dk\/da_dk\/wp-json\/wp\/v2\/media?parent=6296"}],"wp:term":[{"taxonomy":"product_brand","embeddable":true,"href":"https:\/\/vindien.dk\/da_dk\/wp-json\/wp\/v2\/product_brand?post=6296"},{"taxonomy":"product_cat","embeddable":true,"href":"https:\/\/vindien.dk\/da_dk\/wp-json\/wp\/v2\/product_cat?post=6296"},{"taxonomy":"product_tag","embeddable":true,"href":"https:\/\/vindien.dk\/da_dk\/wp-json\/wp\/v2\/product_tag?post=6296"}],"curies":[{"name":"wp","href":"https:\/\/api.w.org\/{rel}","templated":true}]}}