{"id":1565,"date":"2024-09-24T09:04:00","date_gmt":"2024-09-24T09:04:00","guid":{"rendered":"https:\/?post_type=product&#038;p=1565"},"modified":"2026-04-23T20:52:21","modified_gmt":"2026-04-23T20:52:21","slug":"grover-art-collection-shiraz-rose-2023","status":"publish","type":"product","link":"https:\/\/vindien.dk\/da_dk\/product\/grover-art-collection-shiraz-rose-2023\/","title":{"rendered":"Art Collection Shiraz Ros\u00e9 2023"},"content":{"rendered":"","protected":false},"excerpt":{"rendered":"<style>.elementor-2163 .elementor-element.elementor-element-262aabd{--display:flex;--flex-direction:row;--container-widget-width:initial;--container-widget-height:100%;--container-widget-flex-grow:1;--container-widget-align-self:stretch;--flex-wrap-mobile:wrap;border-style:solid;--border-style:solid;border-width:1px 0px 1px 0px;--border-top-width:1px;--border-right-width:0px;--border-bottom-width:1px;--border-left-width:0px;border-color:#999999;--border-color:#999999;--margin-top:0px;--margin-bottom:10px;--margin-left:0px;--margin-right:0px;--padding-block-start:30px;--padding-block-end:0px;--padding-inline-start:30px;--padding-inline-end:30px;}.container-fluid .e-parent.e-con-full .e-con-boxed.elementor-element-262aabd{--padding-inline-start:30px;--padding-inline-end:30px;}.elementor-2163 .elementor-element.elementor-element-eb25ebd{--display:flex;}.elementor-2163 .elementor-element.elementor-element-0463d54{--display:flex;}@media(max-width:767px){.elementor-2163 .elementor-element.elementor-element-eb25ebd{--width:48%;}.elementor-2163 .elementor-element.elementor-element-0463d54{--width:45%;}}<\/style>\n<div class=\"porto-block\" data-id=\"2163\">\n<div data-elementor-type=\"wp-post\" data-elementor-id=\"2163\" class=\"elementor elementor-2163\">\n<div class=\"elementor-element elementor-element-262aabd e-flex e-con-boxed e-con e-parent\" data-id=\"262aabd\" data-element_type=\"container\" data-e-type=\"container\">\n<div class=\"e-con-inner\">\n<div class=\"elementor-element elementor-element-eb25ebd e-con-full e-flex e-con e-child\" data-id=\"eb25ebd\" data-element_type=\"container\" data-e-type=\"container\">\n<div class=\"elementor-element elementor-element-69d9329 elementor-widget elementor-widget-heading\" data-id=\"69d9329\" data-element_type=\"widget\" data-e-type=\"widget\" data-widget_type=\"heading.default\">\n<div class=\"elementor-widget-container\">\n<h6 class=\"elementor-heading-title elementor-size-default\"><a href=\"https:\/\/vinavisen.dk\/grover-art-collection-2023\/\" target=\"_blank\">VinAvisen<\/a><\/h6>\n<\/p><\/div>\n<\/p><\/div>\n<div class=\"elementor-element elementor-element-21c6dee elementor-widget elementor-widget-heading\" data-id=\"21c6dee\" data-element_type=\"widget\" data-e-type=\"widget\" data-widget_type=\"heading.default\">\n<div class=\"elementor-widget-container\">\n<h6 class=\"elementor-heading-title elementor-size-default\"><a href=\"https:\/\/vinexpressen.dk\/wordpress\/indisk-vin\/\" target=\"_blank\">VinExpressen<\/a><\/h6>\n<\/p><\/div>\n<\/p><\/div>\n<\/p><\/div>\n<div class=\"elementor-element elementor-element-0463d54 e-con-full e-flex e-con e-child\" data-id=\"0463d54\" data-element_type=\"container\" data-e-type=\"container\">\n<div class=\"elementor-element elementor-element-a95f408 elementor-widget elementor-widget-rating\" data-id=\"a95f408\" data-element_type=\"widget\" data-e-type=\"widget\" data-widget_type=\"rating.default\">\n<div class=\"elementor-widget-container\">\n<div class=\"e-rating\" itemtype=\"https:\/\/schema.org\/Rating\" itemscope=\"\" itemprop=\"reviewRating\">\n\t\t\t<meta itemprop=\"worstRating\" content=\"0\"><br \/>\n\t\t\t<meta itemprop=\"bestRating\" content=\"5\"><\/p>\n<div class=\"e-rating-wrapper\" itemprop=\"ratingValue\" content=\"3\" role=\"img\" aria-label=\"Rated 3 out of 5\">\n<div class=\"e-icon\">\n<div class=\"e-icon-wrapper e-icon-marked\">\n\t\t\t\t\t<svg aria-hidden=\"true\" class=\"e-font-icon-svg e-eicon-star\" viewBox=\"0 0 1000 1000\" xmlns=\"http:\/\/www.w3.org\/2000\/svg\"><path d=\"M450 75L338 312 88 350C46 354 25 417 58 450L238 633 196 896C188 942 238 975 275 954L500 837 725 954C767 975 813 942 804 896L763 633 942 450C975 417 954 358 913 350L663 312 550 75C529 33 471 33 450 75Z\"><\/path><\/svg>\t\t\t\t<\/div>\n<div class=\"e-icon-wrapper e-icon-unmarked\">\n\t\t\t\t\t<svg aria-hidden=\"true\" class=\"e-font-icon-svg e-eicon-star\" viewBox=\"0 0 1000 1000\" xmlns=\"http:\/\/www.w3.org\/2000\/svg\"><path d=\"M450 75L338 312 88 350C46 354 25 417 58 450L238 633 196 896C188 942 238 975 275 954L500 837 725 954C767 975 813 942 804 896L763 633 942 450C975 417 954 358 913 350L663 312 550 75C529 33 471 33 450 75Z\"><\/path><\/svg>\t\t\t\t<\/div>\n<\/p><\/div>\n<div class=\"e-icon\">\n<div class=\"e-icon-wrapper e-icon-marked\">\n\t\t\t\t\t<svg aria-hidden=\"true\" class=\"e-font-icon-svg e-eicon-star\" viewBox=\"0 0 1000 1000\" xmlns=\"http:\/\/www.w3.org\/2000\/svg\"><path d=\"M450 75L338 312 88 350C46 354 25 417 58 450L238 633 196 896C188 942 238 975 275 954L500 837 725 954C767 975 813 942 804 896L763 633 942 450C975 417 954 358 913 350L663 312 550 75C529 33 471 33 450 75Z\"><\/path><\/svg>\t\t\t\t<\/div>\n<div class=\"e-icon-wrapper e-icon-unmarked\">\n\t\t\t\t\t<svg aria-hidden=\"true\" class=\"e-font-icon-svg e-eicon-star\" viewBox=\"0 0 1000 1000\" xmlns=\"http:\/\/www.w3.org\/2000\/svg\"><path d=\"M450 75L338 312 88 350C46 354 25 417 58 450L238 633 196 896C188 942 238 975 275 954L500 837 725 954C767 975 813 942 804 896L763 633 942 450C975 417 954 358 913 350L663 312 550 75C529 33 471 33 450 75Z\"><\/path><\/svg>\t\t\t\t<\/div>\n<\/p><\/div>\n<div class=\"e-icon\">\n<div class=\"e-icon-wrapper e-icon-marked\">\n\t\t\t\t\t<svg aria-hidden=\"true\" class=\"e-font-icon-svg e-eicon-star\" viewBox=\"0 0 1000 1000\" xmlns=\"http:\/\/www.w3.org\/2000\/svg\"><path d=\"M450 75L338 312 88 350C46 354 25 417 58 450L238 633 196 896C188 942 238 975 275 954L500 837 725 954C767 975 813 942 804 896L763 633 942 450C975 417 954 358 913 350L663 312 550 75C529 33 471 33 450 75Z\"><\/path><\/svg>\t\t\t\t<\/div>\n<div class=\"e-icon-wrapper e-icon-unmarked\">\n\t\t\t\t\t<svg aria-hidden=\"true\" class=\"e-font-icon-svg e-eicon-star\" viewBox=\"0 0 1000 1000\" xmlns=\"http:\/\/www.w3.org\/2000\/svg\"><path d=\"M450 75L338 312 88 350C46 354 25 417 58 450L238 633 196 896C188 942 238 975 275 954L500 837 725 954C767 975 813 942 804 896L763 633 942 450C975 417 954 358 913 350L663 312 550 75C529 33 471 33 450 75Z\"><\/path><\/svg>\t\t\t\t<\/div>\n<\/p><\/div>\n<div class=\"e-icon\">\n<div class=\"e-icon-wrapper e-icon-marked\" style=\"--e-rating-icon-marked-width: 0%;\">\n\t\t\t\t\t<svg aria-hidden=\"true\" class=\"e-font-icon-svg e-eicon-star\" viewBox=\"0 0 1000 1000\" xmlns=\"http:\/\/www.w3.org\/2000\/svg\"><path d=\"M450 75L338 312 88 350C46 354 25 417 58 450L238 633 196 896C188 942 238 975 275 954L500 837 725 954C767 975 813 942 804 896L763 633 942 450C975 417 954 358 913 350L663 312 550 75C529 33 471 33 450 75Z\"><\/path><\/svg>\t\t\t\t<\/div>\n<div class=\"e-icon-wrapper e-icon-unmarked\">\n\t\t\t\t\t<svg aria-hidden=\"true\" class=\"e-font-icon-svg e-eicon-star\" viewBox=\"0 0 1000 1000\" xmlns=\"http:\/\/www.w3.org\/2000\/svg\"><path d=\"M450 75L338 312 88 350C46 354 25 417 58 450L238 633 196 896C188 942 238 975 275 954L500 837 725 954C767 975 813 942 804 896L763 633 942 450C975 417 954 358 913 350L663 312 550 75C529 33 471 33 450 75Z\"><\/path><\/svg>\t\t\t\t<\/div>\n<\/p><\/div>\n<div class=\"e-icon\">\n<div class=\"e-icon-wrapper e-icon-marked\" style=\"--e-rating-icon-marked-width: 0%;\">\n\t\t\t\t\t<svg aria-hidden=\"true\" class=\"e-font-icon-svg e-eicon-star\" viewBox=\"0 0 1000 1000\" xmlns=\"http:\/\/www.w3.org\/2000\/svg\"><path d=\"M450 75L338 312 88 350C46 354 25 417 58 450L238 633 196 896C188 942 238 975 275 954L500 837 725 954C767 975 813 942 804 896L763 633 942 450C975 417 954 358 913 350L663 312 550 75C529 33 471 33 450 75Z\"><\/path><\/svg>\t\t\t\t<\/div>\n<div class=\"e-icon-wrapper e-icon-unmarked\">\n\t\t\t\t\t<svg aria-hidden=\"true\" class=\"e-font-icon-svg e-eicon-star\" viewBox=\"0 0 1000 1000\" xmlns=\"http:\/\/www.w3.org\/2000\/svg\"><path d=\"M450 75L338 312 88 350C46 354 25 417 58 450L238 633 196 896C188 942 238 975 275 954L500 837 725 954C767 975 813 942 804 896L763 633 942 450C975 417 954 358 913 350L663 312 550 75C529 33 471 33 450 75Z\"><\/path><\/svg>\t\t\t\t<\/div>\n<\/p><\/div>\n<\/p><\/div>\n<\/p><\/div>\n<\/p><\/div>\n<\/p><\/div>\n<div class=\"elementor-element elementor-element-0dddd45 elementor-widget elementor-widget-rating\" data-id=\"0dddd45\" data-element_type=\"widget\" data-e-type=\"widget\" data-widget_type=\"rating.default\">\n<div class=\"elementor-widget-container\">\n<div class=\"e-rating\" itemtype=\"https:\/\/schema.org\/Rating\" itemscope=\"\" itemprop=\"reviewRating\">\n\t\t\t<meta itemprop=\"worstRating\" content=\"0\"><br \/>\n\t\t\t<meta itemprop=\"bestRating\" content=\"5\"><\/p>\n<div class=\"e-rating-wrapper\" itemprop=\"ratingValue\" content=\"3.5\" role=\"img\" aria-label=\"Rated 3.5 out of 5\">\n<div class=\"e-icon\">\n<div class=\"e-icon-wrapper e-icon-marked\">\n\t\t\t\t\t<svg aria-hidden=\"true\" class=\"e-font-icon-svg e-eicon-star\" viewBox=\"0 0 1000 1000\" xmlns=\"http:\/\/www.w3.org\/2000\/svg\"><path d=\"M450 75L338 312 88 350C46 354 25 417 58 450L238 633 196 896C188 942 238 975 275 954L500 837 725 954C767 975 813 942 804 896L763 633 942 450C975 417 954 358 913 350L663 312 550 75C529 33 471 33 450 75Z\"><\/path><\/svg>\t\t\t\t<\/div>\n<div class=\"e-icon-wrapper e-icon-unmarked\">\n\t\t\t\t\t<svg aria-hidden=\"true\" class=\"e-font-icon-svg e-eicon-star\" viewBox=\"0 0 1000 1000\" xmlns=\"http:\/\/www.w3.org\/2000\/svg\"><path d=\"M450 75L338 312 88 350C46 354 25 417 58 450L238 633 196 896C188 942 238 975 275 954L500 837 725 954C767 975 813 942 804 896L763 633 942 450C975 417 954 358 913 350L663 312 550 75C529 33 471 33 450 75Z\"><\/path><\/svg>\t\t\t\t<\/div>\n<\/p><\/div>\n<div class=\"e-icon\">\n<div class=\"e-icon-wrapper e-icon-marked\">\n\t\t\t\t\t<svg aria-hidden=\"true\" class=\"e-font-icon-svg e-eicon-star\" viewBox=\"0 0 1000 1000\" xmlns=\"http:\/\/www.w3.org\/2000\/svg\"><path d=\"M450 75L338 312 88 350C46 354 25 417 58 450L238 633 196 896C188 942 238 975 275 954L500 837 725 954C767 975 813 942 804 896L763 633 942 450C975 417 954 358 913 350L663 312 550 75C529 33 471 33 450 75Z\"><\/path><\/svg>\t\t\t\t<\/div>\n<div class=\"e-icon-wrapper e-icon-unmarked\">\n\t\t\t\t\t<svg aria-hidden=\"true\" class=\"e-font-icon-svg e-eicon-star\" viewBox=\"0 0 1000 1000\" xmlns=\"http:\/\/www.w3.org\/2000\/svg\"><path d=\"M450 75L338 312 88 350C46 354 25 417 58 450L238 633 196 896C188 942 238 975 275 954L500 837 725 954C767 975 813 942 804 896L763 633 942 450C975 417 954 358 913 350L663 312 550 75C529 33 471 33 450 75Z\"><\/path><\/svg>\t\t\t\t<\/div>\n<\/p><\/div>\n<div class=\"e-icon\">\n<div class=\"e-icon-wrapper e-icon-marked\">\n\t\t\t\t\t<svg aria-hidden=\"true\" class=\"e-font-icon-svg e-eicon-star\" viewBox=\"0 0 1000 1000\" xmlns=\"http:\/\/www.w3.org\/2000\/svg\"><path d=\"M450 75L338 312 88 350C46 354 25 417 58 450L238 633 196 896C188 942 238 975 275 954L500 837 725 954C767 975 813 942 804 896L763 633 942 450C975 417 954 358 913 350L663 312 550 75C529 33 471 33 450 75Z\"><\/path><\/svg>\t\t\t\t<\/div>\n<div class=\"e-icon-wrapper e-icon-unmarked\">\n\t\t\t\t\t<svg aria-hidden=\"true\" class=\"e-font-icon-svg e-eicon-star\" viewBox=\"0 0 1000 1000\" xmlns=\"http:\/\/www.w3.org\/2000\/svg\"><path d=\"M450 75L338 312 88 350C46 354 25 417 58 450L238 633 196 896C188 942 238 975 275 954L500 837 725 954C767 975 813 942 804 896L763 633 942 450C975 417 954 358 913 350L663 312 550 75C529 33 471 33 450 75Z\"><\/path><\/svg>\t\t\t\t<\/div>\n<\/p><\/div>\n<div class=\"e-icon\">\n<div class=\"e-icon-wrapper e-icon-marked\" style=\"--e-rating-icon-marked-width: 50%;\">\n\t\t\t\t\t<svg aria-hidden=\"true\" class=\"e-font-icon-svg e-eicon-star\" viewBox=\"0 0 1000 1000\" xmlns=\"http:\/\/www.w3.org\/2000\/svg\"><path d=\"M450 75L338 312 88 350C46 354 25 417 58 450L238 633 196 896C188 942 238 975 275 954L500 837 725 954C767 975 813 942 804 896L763 633 942 450C975 417 954 358 913 350L663 312 550 75C529 33 471 33 450 75Z\"><\/path><\/svg>\t\t\t\t<\/div>\n<div class=\"e-icon-wrapper e-icon-unmarked\">\n\t\t\t\t\t<svg aria-hidden=\"true\" class=\"e-font-icon-svg e-eicon-star\" viewBox=\"0 0 1000 1000\" xmlns=\"http:\/\/www.w3.org\/2000\/svg\"><path d=\"M450 75L338 312 88 350C46 354 25 417 58 450L238 633 196 896C188 942 238 975 275 954L500 837 725 954C767 975 813 942 804 896L763 633 942 450C975 417 954 358 913 350L663 312 550 75C529 33 471 33 450 75Z\"><\/path><\/svg>\t\t\t\t<\/div>\n<\/p><\/div>\n<div class=\"e-icon\">\n<div class=\"e-icon-wrapper e-icon-marked\" style=\"--e-rating-icon-marked-width: 0%;\">\n\t\t\t\t\t<svg aria-hidden=\"true\" class=\"e-font-icon-svg e-eicon-star\" viewBox=\"0 0 1000 1000\" xmlns=\"http:\/\/www.w3.org\/2000\/svg\"><path d=\"M450 75L338 312 88 350C46 354 25 417 58 450L238 633 196 896C188 942 238 975 275 954L500 837 725 954C767 975 813 942 804 896L763 633 942 450C975 417 954 358 913 350L663 312 550 75C529 33 471 33 450 75Z\"><\/path><\/svg>\t\t\t\t<\/div>\n<div class=\"e-icon-wrapper e-icon-unmarked\">\n\t\t\t\t\t<svg aria-hidden=\"true\" class=\"e-font-icon-svg e-eicon-star\" viewBox=\"0 0 1000 1000\" xmlns=\"http:\/\/www.w3.org\/2000\/svg\"><path d=\"M450 75L338 312 88 350C46 354 25 417 58 450L238 633 196 896C188 942 238 975 275 954L500 837 725 954C767 975 813 942 804 896L763 633 942 450C975 417 954 358 913 350L663 312 550 75C529 33 471 33 450 75Z\"><\/path><\/svg>\t\t\t\t<\/div>\n<\/p><\/div>\n<\/p><\/div>\n<\/p><\/div>\n<\/p><\/div>\n<\/p><\/div>\n<\/p><\/div>\n<\/p><\/div>\n<\/p><\/div>\n<\/p><\/div>\n<\/p><\/div>\n<p class=\"sc_promo_descr\"><strong>Vores Art Collection Shiraz Ros\u00e9 er hindb\u00e6rpink i farven med nuancer af orange. Den har delikate aromaer af rose med vidunderlige smagsnoter af kirseb\u00e6r og jordb\u00e6rmarmelade. Rekha Rodwittya, den ber\u00f8mte indiske maler, er fascineret af repr\u00e6sentationen af den kvindelige figur. P\u00e5 Grover Vineyards Ros\u00e9 fandt hun det perfekte sprog til at repr\u00e6sentere en kvinde uden at objektivisere hende.<\/strong><\/p>\n<p><strong>Druer: 100% Shiraz<\/strong><\/p>\n<style>.elementor-5032 .elementor-element.elementor-element-6708f33{--display:flex;--flex-direction:column;--container-widget-width:100%;--container-widget-height:initial;--container-widget-flex-grow:0;--container-widget-align-self:initial;--flex-wrap-mobile:wrap;}.elementor-5032 .elementor-element.elementor-element-b0e2ccb{text-align:center;}.elementor-5032 .elementor-element.elementor-element-b0e2ccb .elementor-heading-title{font-family:\"Amaranth\", Garamond, serif;font-size:25px;font-weight:600;color:var( --e-global-color-primary );}.elementor-5032 .elementor-element.elementor-element-262aabd{--display:flex;--flex-direction:row;--container-widget-width:initial;--container-widget-height:100%;--container-widget-flex-grow:1;--container-widget-align-self:stretch;--flex-wrap-mobile:wrap;border-style:solid;--border-style:solid;border-width:1px 0px 1px 0px;--border-top-width:1px;--border-right-width:0px;--border-bottom-width:1px;--border-left-width:0px;border-color:#999999;--border-color:#999999;--margin-top:0px;--margin-bottom:10px;--margin-left:0px;--margin-right:0px;--padding-block-start:30px;--padding-block-end:0px;--padding-inline-start:30px;--padding-inline-end:30px;}.container-fluid .e-parent.e-con-full .e-con-boxed.elementor-element-262aabd{--padding-inline-start:30px;--padding-inline-end:30px;}.elementor-5032 .elementor-element.elementor-element-eb25ebd{--display:flex;--justify-content:space-evenly;--align-items:flex-end;--container-widget-width:calc( ( 1 - var( --container-widget-flex-grow ) ) * 100% );}.elementor-5032 .elementor-element.elementor-element-69d9329 .elementor-heading-title{font-family:\"Amaranth\", Garamond, serif;font-size:20px;}.elementor-5032 .elementor-element.elementor-element-e4661b3 .elementor-heading-title{font-family:\"Amaranth\", Garamond, serif;font-size:20px;}.elementor-5032 .elementor-element.elementor-element-2724999 .elementor-heading-title{font-family:\"Amaranth\", Garamond, serif;font-size:20px;}.elementor-5032 .elementor-element.elementor-element-25a527f .elementor-heading-title{font-family:\"Amaranth\", Garamond, serif;font-size:20px;}.elementor-5032 .elementor-element.elementor-element-0463d54{--display:flex;--justify-content:space-evenly;}.elementor-5032 .elementor-element.elementor-element-0643339 .elementor-heading-title{font-family:\"Amaranth\", Garamond, serif;font-size:20px;}.elementor-5032 .elementor-element.elementor-element-13e712f .elementor-heading-title{font-family:\"Amaranth\", Garamond, serif;font-size:20px;}.elementor-5032 .elementor-element.elementor-element-192f1e5 .elementor-heading-title{font-family:\"Amaranth\", Garamond, serif;font-size:20px;}.elementor-5032 .elementor-element.elementor-element-1b1747d .elementor-heading-title{font-family:\"Amaranth\", Garamond, serif;font-size:20px;}@media(max-width:767px){.elementor-5032 .elementor-element.elementor-element-eb25ebd{--width:48%;}.elementor-5032 .elementor-element.elementor-element-0463d54{--width:45%;}}<\/style>\n<div class=\"porto-block\" data-id=\"5032\">\n<div data-elementor-type=\"wp-post\" data-elementor-id=\"5032\" class=\"elementor elementor-5032\">\n<div class=\"elementor-element elementor-element-6708f33 e-flex e-con-boxed e-con e-parent\" data-id=\"6708f33\" data-element_type=\"container\" data-e-type=\"container\">\n<div class=\"e-con-inner\">\n<div class=\"elementor-element elementor-element-b0e2ccb elementor-widget elementor-widget-heading\" data-id=\"b0e2ccb\" data-element_type=\"widget\" data-e-type=\"widget\" data-widget_type=\"heading.default\">\n<div class=\"elementor-widget-container\">\n<h4 class=\"elementor-heading-title elementor-size-default\">Fakta<\/h4>\n<\/p><\/div>\n<\/p><\/div>\n<\/p><\/div>\n<\/p><\/div>\n<div class=\"elementor-element elementor-element-262aabd e-flex e-con-boxed e-con e-parent\" data-id=\"262aabd\" data-element_type=\"container\" data-e-type=\"container\">\n<div class=\"e-con-inner\">\n<div class=\"elementor-element elementor-element-eb25ebd e-con-full e-flex e-con e-child\" data-id=\"eb25ebd\" data-element_type=\"container\" data-e-type=\"container\">\n<div class=\"elementor-element elementor-element-69d9329 elementor-widget elementor-widget-heading\" data-id=\"69d9329\" data-element_type=\"widget\" data-e-type=\"widget\" data-widget_type=\"heading.default\">\n<div class=\"elementor-widget-container\">\n<h6 class=\"elementor-heading-title elementor-size-default\"><a href=\"https:\/\/vinavisen.dk\/sula-tropical-rose\/\" target=\"_blank\">Allergen<\/a><\/h6>\n<\/p><\/div>\n<\/p><\/div>\n<div class=\"elementor-element elementor-element-e4661b3 elementor-widget elementor-widget-heading\" data-id=\"e4661b3\" data-element_type=\"widget\" data-e-type=\"widget\" data-widget_type=\"heading.default\">\n<div class=\"elementor-widget-container\">\n<h6 class=\"elementor-heading-title elementor-size-default\"><a href=\"https:\/\/vinavisen.dk\/sula-tropical-rose\/\" target=\"_blank\">St\u00f8rrelse<\/a><\/h6>\n<\/p><\/div>\n<\/p><\/div>\n<div class=\"elementor-element elementor-element-2724999 elementor-widget elementor-widget-heading\" data-id=\"2724999\" data-element_type=\"widget\" data-e-type=\"widget\" data-widget_type=\"heading.default\">\n<div class=\"elementor-widget-container\">\n<h6 class=\"elementor-heading-title elementor-size-default\"><a href=\"https:\/\/vinavisen.dk\/sula-tropical-rose\/\" target=\"_blank\">Origin<\/a><\/h6>\n<\/p><\/div>\n<\/p><\/div>\n<\/p><\/div>\n<div class=\"elementor-element elementor-element-0463d54 e-con-full e-flex e-con e-child\" data-id=\"0463d54\" data-element_type=\"container\" data-e-type=\"container\">\n<div class=\"elementor-element elementor-element-0643339 elementor-widget elementor-widget-heading\" data-id=\"0643339\" data-element_type=\"widget\" data-e-type=\"widget\" data-widget_type=\"heading.default\">\n<div class=\"elementor-widget-container\">\n<h6 class=\"elementor-heading-title elementor-size-default\"><a href=\"https:\/\/vinavisen.dk\/sula-tropical-rose\/\" target=\"_blank\">Indeholder Sulfitter<\/a><\/h6>\n<\/p><\/div>\n<\/p><\/div>\n<div class=\"elementor-element elementor-element-13e712f elementor-widget elementor-widget-heading\" data-id=\"13e712f\" data-element_type=\"widget\" data-e-type=\"widget\" data-widget_type=\"heading.default\">\n<div class=\"elementor-widget-container\">\n<h6 class=\"elementor-heading-title elementor-size-default\"><a href=\"https:\/\/vinavisen.dk\/sula-tropical-rose\/\" target=\"_blank\">75 cl<\/a><\/h6>\n<\/p><\/div>\n<\/p><\/div>\n<div class=\"elementor-element elementor-element-192f1e5 elementor-widget elementor-widget-heading\" data-id=\"192f1e5\" data-element_type=\"widget\" data-e-type=\"widget\" data-widget_type=\"heading.default\">\n<div class=\"elementor-widget-container\">\n<h6 class=\"elementor-heading-title elementor-size-default\"><a href=\"https:\/\/vinavisen.dk\/sula-tropical-rose\/\" target=\"_blank\">Indien<\/a><\/h6>\n<\/p><\/div>\n<\/p><\/div>\n<\/p><\/div>\n<\/p><\/div>\n<\/p><\/div>\n<\/p><\/div>\n<\/p><\/div>\n<p>&nbsp;<\/p>\n<p><strong>Alkohol 13.5%<\/strong><\/p>\n<p>Vores kunstsamling Shiraz Ros\u00e9 er hindb\u00e6rpink i farven med nuancer af orange. Den har delikate aromaer af rose med vidunderlige smagsnoter af kirseb\u00e6r og jordb\u00e6rmarmelade. Rekha Rodwittya, den ber\u00f8mte indiske maler, er fascineret af repr\u00e6sentationen af \u200b\u200bden kvindelige figur. P\u00e5 Grover Vineyards Ros\u00e9 fandt hun det perfekte sprog til at repr\u00e6sentere en kvinde uden at objektivisere hende.<\/p>\n<p>Grapes: 100% Shiraz<\/p>\n<p>Alcohol 13,5 %<\/p>\n","protected":false},"featured_media":1569,"template":"","meta":[],"product_brand":[139],"product_cat":[101,162,73,152],"product_tag":[109],"class_list":{"0":"post-1565","1":"product","2":"type-product","3":"status-publish","4":"has-post-thumbnail","6":"product_brand-grover","7":"product_cat-all","8":"product_cat-indeholder-sulfitter","9":"product_cat-rose","10":"product_cat-shiraz-syrah","11":"product_tag-pakora","13":"first","14":"instock","15":"taxable","16":"shipping-taxable","17":"purchasable","18":"product-type-simple"},"jetpack_sharing_enabled":true,"_links":{"self":[{"href":"https:\/\/vindien.dk\/da_dk\/wp-json\/wp\/v2\/product\/1565","targetHints":{"allow":["GET"]}}],"collection":[{"href":"https:\/\/vindien.dk\/da_dk\/wp-json\/wp\/v2\/product"}],"about":[{"href":"https:\/\/vindien.dk\/da_dk\/wp-json\/wp\/v2\/types\/product"}],"version-history":[{"count":4,"href":"https:\/\/vindien.dk\/da_dk\/wp-json\/wp\/v2\/product\/1565\/revisions"}],"predecessor-version":[{"id":6620,"href":"https:\/\/vindien.dk\/da_dk\/wp-json\/wp\/v2\/product\/1565\/revisions\/6620"}],"wp:featuredmedia":[{"embeddable":true,"href":"https:\/\/vindien.dk\/da_dk\/wp-json\/wp\/v2\/media\/1569"}],"wp:attachment":[{"href":"https:\/\/vindien.dk\/da_dk\/wp-json\/wp\/v2\/media?parent=1565"}],"wp:term":[{"taxonomy":"product_brand","embeddable":true,"href":"https:\/\/vindien.dk\/da_dk\/wp-json\/wp\/v2\/product_brand?post=1565"},{"taxonomy":"product_cat","embeddable":true,"href":"https:\/\/vindien.dk\/da_dk\/wp-json\/wp\/v2\/product_cat?post=1565"},{"taxonomy":"product_tag","embeddable":true,"href":"https:\/\/vindien.dk\/da_dk\/wp-json\/wp\/v2\/product_tag?post=1565"}],"curies":[{"name":"wp","href":"https:\/\/api.w.org\/{rel}","templated":true}]}}