{"id":1559,"date":"2024-09-24T08:58:05","date_gmt":"2024-09-24T08:58:05","guid":{"rendered":"https:\/?post_type=product&#038;p=1559"},"modified":"2026-04-10T18:07:08","modified_gmt":"2026-04-10T18:07:08","slug":"zampa-soiree-brut-rose","status":"publish","type":"product","link":"https:\/\/vindien.dk\/da_dk\/product\/zampa-soiree-brut-rose\/","title":{"rendered":"Grover Zampa Soir\u00e9e Brut Rose 2022"},"content":{"rendered":"<h4 class=\"sc_promo_descr\"><strong>En delikat vin med laksefarver og vedvarende aroma af blomme og r\u00f8de b\u00e6r p\u00e5 n\u00e6sen. Ganen pr\u00e6get af fin opbrusning, underst\u00f8ttet af god syre minder om den klassiske elegance og finesse, der eksemplificerer h\u00e5ndv\u00e6rk og finesse. Den forfriskende, lange og elegante finish komplimenterer dine gl\u00e6delige og festlige lejligheder.<\/strong><\/h4>\n<h4><strong>Druer: 100% Shiraz<\/strong><\/h4>\n<h4><strong>Alkohol 12.5%<\/strong><\/h4>\n<h4><style>.elementor-5032 .elementor-element.elementor-element-6708f33{--display:flex;--flex-direction:column;--container-widget-width:100%;--container-widget-height:initial;--container-widget-flex-grow:0;--container-widget-align-self:initial;--flex-wrap-mobile:wrap;}.elementor-5032 .elementor-element.elementor-element-b0e2ccb{text-align:center;}.elementor-5032 .elementor-element.elementor-element-b0e2ccb .elementor-heading-title{font-family:\"Amaranth\", Garamond, serif;font-size:25px;font-weight:600;color:var( --e-global-color-primary );}.elementor-5032 .elementor-element.elementor-element-262aabd{--display:flex;--flex-direction:row;--container-widget-width:initial;--container-widget-height:100%;--container-widget-flex-grow:1;--container-widget-align-self:stretch;--flex-wrap-mobile:wrap;border-style:solid;--border-style:solid;border-width:1px 0px 1px 0px;--border-top-width:1px;--border-right-width:0px;--border-bottom-width:1px;--border-left-width:0px;border-color:#999999;--border-color:#999999;--margin-top:0px;--margin-bottom:10px;--margin-left:0px;--margin-right:0px;--padding-block-start:30px;--padding-block-end:0px;--padding-inline-start:30px;--padding-inline-end:30px;}.container-fluid .e-parent.e-con-full .e-con-boxed.elementor-element-262aabd{--padding-inline-start:30px;--padding-inline-end:30px;}.elementor-5032 .elementor-element.elementor-element-eb25ebd{--display:flex;--justify-content:space-evenly;--align-items:flex-end;--container-widget-width:calc( ( 1 - var( --container-widget-flex-grow ) ) * 100% );}.elementor-5032 .elementor-element.elementor-element-69d9329 .elementor-heading-title{font-family:\"Amaranth\", Garamond, serif;font-size:20px;}.elementor-5032 .elementor-element.elementor-element-e4661b3 .elementor-heading-title{font-family:\"Amaranth\", Garamond, serif;font-size:20px;}.elementor-5032 .elementor-element.elementor-element-2724999 .elementor-heading-title{font-family:\"Amaranth\", Garamond, serif;font-size:20px;}.elementor-5032 .elementor-element.elementor-element-25a527f .elementor-heading-title{font-family:\"Amaranth\", Garamond, serif;font-size:20px;}.elementor-5032 .elementor-element.elementor-element-0463d54{--display:flex;--justify-content:space-evenly;}.elementor-5032 .elementor-element.elementor-element-0643339 .elementor-heading-title{font-family:\"Amaranth\", Garamond, serif;font-size:20px;}.elementor-5032 .elementor-element.elementor-element-13e712f .elementor-heading-title{font-family:\"Amaranth\", Garamond, serif;font-size:20px;}.elementor-5032 .elementor-element.elementor-element-192f1e5 .elementor-heading-title{font-family:\"Amaranth\", Garamond, serif;font-size:20px;}.elementor-5032 .elementor-element.elementor-element-1b1747d .elementor-heading-title{font-family:\"Amaranth\", Garamond, serif;font-size:20px;}@media(max-width:767px){.elementor-5032 .elementor-element.elementor-element-eb25ebd{--width:48%;}.elementor-5032 .elementor-element.elementor-element-0463d54{--width:45%;}}<\/style><div class=\"porto-block\" data-id=\"5032\">\t\t<div data-elementor-type=\"wp-post\" data-elementor-id=\"5032\" class=\"elementor elementor-5032\">\n\t\t\t\t<div class=\"elementor-element elementor-element-6708f33 e-flex e-con-boxed e-con e-parent\" data-id=\"6708f33\" data-element_type=\"container\" data-e-type=\"container\">\r\n\t\t\t\t\t<div class=\"e-con-inner\">\r\n\t\t\t\t<div class=\"elementor-element elementor-element-b0e2ccb elementor-widget elementor-widget-heading\" data-id=\"b0e2ccb\" data-element_type=\"widget\" data-e-type=\"widget\" data-widget_type=\"heading.default\">\n\t\t\t\t<div class=\"elementor-widget-container\">\n\t\t\t\t\t<h4 class=\"elementor-heading-title elementor-size-default\">Fakta<\/h4>\t\t\t\t<\/div>\n\t\t\t\t<\/div>\n\t\t\t\t\t<\/div>\n\t\t\t\t<\/div>\n\t\t<div class=\"elementor-element elementor-element-262aabd e-flex e-con-boxed e-con e-parent\" data-id=\"262aabd\" data-element_type=\"container\" data-e-type=\"container\">\r\n\t\t\t\t\t<div class=\"e-con-inner\">\r\n\t\t<div class=\"elementor-element elementor-element-eb25ebd e-con-full e-flex e-con e-child\" data-id=\"eb25ebd\" data-element_type=\"container\" data-e-type=\"container\">\r\n\t\t\t\t<div class=\"elementor-element elementor-element-69d9329 elementor-widget elementor-widget-heading\" data-id=\"69d9329\" data-element_type=\"widget\" data-e-type=\"widget\" data-widget_type=\"heading.default\">\n\t\t\t\t<div class=\"elementor-widget-container\">\n\t\t\t\t\t<h6 class=\"elementor-heading-title elementor-size-default\"><a href=\"https:\/\/vinavisen.dk\/sula-tropical-rose\/\" target=\"_blank\">Allergen<\/a><\/h6>\t\t\t\t<\/div>\n\t\t\t\t<\/div>\n\t\t\t\t<div class=\"elementor-element elementor-element-e4661b3 elementor-widget elementor-widget-heading\" data-id=\"e4661b3\" data-element_type=\"widget\" data-e-type=\"widget\" data-widget_type=\"heading.default\">\n\t\t\t\t<div class=\"elementor-widget-container\">\n\t\t\t\t\t<h6 class=\"elementor-heading-title elementor-size-default\"><a href=\"https:\/\/vinavisen.dk\/sula-tropical-rose\/\" target=\"_blank\">St\u00f8rrelse<\/a><\/h6>\t\t\t\t<\/div>\n\t\t\t\t<\/div>\n\t\t\t\t<div class=\"elementor-element elementor-element-2724999 elementor-widget elementor-widget-heading\" data-id=\"2724999\" data-element_type=\"widget\" data-e-type=\"widget\" data-widget_type=\"heading.default\">\n\t\t\t\t<div class=\"elementor-widget-container\">\n\t\t\t\t\t<h6 class=\"elementor-heading-title elementor-size-default\"><a href=\"https:\/\/vinavisen.dk\/sula-tropical-rose\/\" target=\"_blank\">Origin<\/a><\/h6>\t\t\t\t<\/div>\n\t\t\t\t<\/div>\n\t\t\t\t<\/div>\n\t\t<div class=\"elementor-element elementor-element-0463d54 e-con-full e-flex e-con e-child\" data-id=\"0463d54\" data-element_type=\"container\" data-e-type=\"container\">\r\n\t\t\t\t<div class=\"elementor-element elementor-element-0643339 elementor-widget elementor-widget-heading\" data-id=\"0643339\" data-element_type=\"widget\" data-e-type=\"widget\" data-widget_type=\"heading.default\">\n\t\t\t\t<div class=\"elementor-widget-container\">\n\t\t\t\t\t<h6 class=\"elementor-heading-title elementor-size-default\"><a href=\"https:\/\/vinavisen.dk\/sula-tropical-rose\/\" target=\"_blank\">Indeholder Sulfitter<\/a><\/h6>\t\t\t\t<\/div>\n\t\t\t\t<\/div>\n\t\t\t\t<div class=\"elementor-element elementor-element-13e712f elementor-widget elementor-widget-heading\" data-id=\"13e712f\" data-element_type=\"widget\" data-e-type=\"widget\" data-widget_type=\"heading.default\">\n\t\t\t\t<div class=\"elementor-widget-container\">\n\t\t\t\t\t<h6 class=\"elementor-heading-title elementor-size-default\"><a href=\"https:\/\/vinavisen.dk\/sula-tropical-rose\/\" target=\"_blank\">75 cl<\/a><\/h6>\t\t\t\t<\/div>\n\t\t\t\t<\/div>\n\t\t\t\t<div class=\"elementor-element elementor-element-192f1e5 elementor-widget elementor-widget-heading\" data-id=\"192f1e5\" data-element_type=\"widget\" data-e-type=\"widget\" data-widget_type=\"heading.default\">\n\t\t\t\t<div class=\"elementor-widget-container\">\n\t\t\t\t\t<h6 class=\"elementor-heading-title elementor-size-default\"><a href=\"https:\/\/vinavisen.dk\/sula-tropical-rose\/\" target=\"_blank\">Indien<\/a><\/h6>\t\t\t\t<\/div>\n\t\t\t\t<\/div>\n\t\t\t\t<\/div>\n\t\t\t\t\t<\/div>\n\t\t\t\t<\/div>\n\t\t\t\t<\/div>\n\t\t<\/div><\/h4>\n<h4><\/h4>\n","protected":false},"excerpt":{"rendered":"<h4>\n<style>.elementor-2507 .elementor-element.elementor-element-e39ae8e{--display:flex;--flex-direction:column;--container-widget-width:100%;--container-widget-height:initial;--container-widget-flex-grow:0;--container-widget-align-self:initial;--flex-wrap-mobile:wrap;}.elementor-2507 .elementor-element.elementor-element-fc5e960{text-align:center;}.elementor-2507 .elementor-element.elementor-element-fc5e960 .elementor-heading-title{font-size:25px;color:var( --e-global-color-primary );}.elementor-2507 .elementor-element.elementor-element-262aabd{--display:flex;--flex-direction:row;--container-widget-width:initial;--container-widget-height:100%;--container-widget-flex-grow:1;--container-widget-align-self:stretch;--flex-wrap-mobile:wrap;border-style:solid;--border-style:solid;border-width:1px 0px 1px 0px;--border-top-width:1px;--border-right-width:0px;--border-bottom-width:1px;--border-left-width:0px;border-color:#999999;--border-color:#999999;--margin-top:0px;--margin-bottom:10px;--margin-left:0px;--margin-right:0px;--padding-block-start:30px;--padding-block-end:0px;--padding-inline-start:30px;--padding-inline-end:30px;}.container-fluid .e-parent.e-con-full .e-con-boxed.elementor-element-262aabd{--padding-inline-start:30px;--padding-inline-end:30px;}.elementor-2507 .elementor-element.elementor-element-eb25ebd{--display:flex;--justify-content:space-around;}.elementor-2507 .elementor-element.elementor-element-69d9329{text-align:end;}.elementor-2507 .elementor-element.elementor-element-69d9329 .elementor-heading-title{font-size:18px;}.elementor-2507 .elementor-element.elementor-element-6211d94{text-align:end;}.elementor-2507 .elementor-element.elementor-element-6211d94 .elementor-heading-title{font-size:18px;}.elementor-2507 .elementor-element.elementor-element-8c90fc3{text-align:end;}.elementor-2507 .elementor-element.elementor-element-8c90fc3 .elementor-heading-title{font-size:18px;}.elementor-2507 .elementor-element.elementor-element-0463d54{--display:flex;--justify-content:space-around;}.elementor-2507 .elementor-element.elementor-element-7af8f6d{text-align:start;}.elementor-2507 .elementor-element.elementor-element-7af8f6d .elementor-heading-title{font-size:18px;}.elementor-2507 .elementor-element.elementor-element-7f6bff3{text-align:start;}.elementor-2507 .elementor-element.elementor-element-7f6bff3 .elementor-heading-title{font-size:18px;}.elementor-2507 .elementor-element.elementor-element-428d499{text-align:start;}.elementor-2507 .elementor-element.elementor-element-428d499 .elementor-heading-title{font-size:18px;}.elementor-2507 .elementor-element.elementor-element-5056b8d{--display:flex;--flex-direction:column;--container-widget-width:100%;--container-widget-height:initial;--container-widget-flex-grow:0;--container-widget-align-self:initial;--flex-wrap-mobile:wrap;}@media(max-width:767px){.elementor-2507 .elementor-element.elementor-element-eb25ebd{--width:48%;}.elementor-2507 .elementor-element.elementor-element-0463d54{--width:45%;}}<\/style>\n<div class=\"porto-block\" data-id=\"2507\">\n<div data-elementor-type=\"wp-post\" data-elementor-id=\"2507\" class=\"elementor elementor-2507\">\n<div class=\"elementor-element elementor-element-e39ae8e e-flex e-con-boxed e-con e-parent\" data-id=\"e39ae8e\" data-element_type=\"container\" data-e-type=\"container\">\n<div class=\"e-con-inner\">\n<div class=\"elementor-element elementor-element-fc5e960 elementor-widget elementor-widget-heading\" data-id=\"fc5e960\" data-element_type=\"widget\" data-e-type=\"widget\" data-widget_type=\"heading.default\">\n<div class=\"elementor-widget-container\">\n<h4 class=\"elementor-heading-title elementor-size-default\">Review from Danish wine critics<\/h4>\n<\/p><\/div>\n<\/p><\/div>\n<\/p><\/div>\n<\/p><\/div>\n<div class=\"elementor-element elementor-element-262aabd e-flex e-con-boxed e-con e-parent\" data-id=\"262aabd\" data-element_type=\"container\" data-e-type=\"container\">\n<div class=\"e-con-inner\">\n<div class=\"elementor-element elementor-element-eb25ebd e-con-full e-flex e-con e-child\" data-id=\"eb25ebd\" data-element_type=\"container\" data-e-type=\"container\">\n<div class=\"elementor-element elementor-element-69d9329 elementor-widget elementor-widget-heading\" data-id=\"69d9329\" data-element_type=\"widget\" data-e-type=\"widget\" data-widget_type=\"heading.default\">\n<div class=\"elementor-widget-container\">\n<h6 class=\"elementor-heading-title elementor-size-default\"><a href=\"https:\/\/vinexpressen.dk\/wordpress\/indisk-vin-flankeres-af-et-par-australske-hvidvine\/\" target=\"_blank\">Vinexpressen (Vintage 2018)<\/a><\/h6>\n<\/p><\/div>\n<\/p><\/div>\n<div class=\"elementor-element elementor-element-6211d94 elementor-widget elementor-widget-heading\" data-id=\"6211d94\" data-element_type=\"widget\" data-e-type=\"widget\" data-widget_type=\"heading.default\">\n<div class=\"elementor-widget-container\">\n<h6 class=\"elementor-heading-title elementor-size-default\"><a href=\"\" target=\"_blank\">VinAvisen (Vintage 2022)<\/a><\/h6>\n<\/p><\/div>\n<\/p><\/div>\n<div class=\"elementor-element elementor-element-8c90fc3 elementor-widget elementor-widget-heading\" data-id=\"8c90fc3\" data-element_type=\"widget\" data-e-type=\"widget\" data-widget_type=\"heading.default\">\n<div class=\"elementor-widget-container\">\n<h6 class=\"elementor-heading-title elementor-size-default\"><a href=\"https:\/\/www.instagram.com\/p\/DAtWgMUMOz2\/\" target=\"_blank\">Anders Halskov-Jensen(VinHjernen) (Vintage 2018)<\/a><\/h6>\n<\/p><\/div>\n<\/p><\/div>\n<\/p><\/div>\n<div class=\"elementor-element elementor-element-0463d54 e-con-full e-flex e-con e-child\" data-id=\"0463d54\" data-element_type=\"container\" data-e-type=\"container\">\n<div class=\"elementor-element elementor-element-7af8f6d elementor-widget elementor-widget-heading\" data-id=\"7af8f6d\" data-element_type=\"widget\" data-e-type=\"widget\" data-widget_type=\"heading.default\">\n<div class=\"elementor-widget-container\">\n<h6 class=\"elementor-heading-title elementor-size-default\"><a href=\"https:\/\/vinexpressen.dk\/wordpress\/indisk-vin-flankeres-af-et-par-australske-hvidvine\/\" target=\"_blank\">91 Points<\/a><\/h6>\n<\/p><\/div>\n<\/p><\/div>\n<div class=\"elementor-element elementor-element-7f6bff3 elementor-widget elementor-widget-heading\" data-id=\"7f6bff3\" data-element_type=\"widget\" data-e-type=\"widget\" data-widget_type=\"heading.default\">\n<div class=\"elementor-widget-container\">\n<h6 class=\"elementor-heading-title elementor-size-default\"><a href=\"\" target=\"_blank\">\u2605\u2605\u2605\u2605\u2606<\/a><\/h6>\n<\/p><\/div>\n<\/p><\/div>\n<div class=\"elementor-element elementor-element-428d499 elementor-widget elementor-widget-heading\" data-id=\"428d499\" data-element_type=\"widget\" data-e-type=\"widget\" data-widget_type=\"heading.default\">\n<div class=\"elementor-widget-container\">\n<h6 class=\"elementor-heading-title elementor-size-default\"><a href=\"https:\/\/www.instagram.com\/p\/DAtWgMUMOz2\/\" target=\"_blank\">\u2605\u2605\u2605\u2605(\u2605)\u2606<\/a><\/h6>\n<\/p><\/div>\n<\/p><\/div>\n<\/p><\/div>\n<\/p><\/div>\n<\/p><\/div>\n<div class=\"elementor-element elementor-element-5056b8d e-flex e-con-boxed e-con e-parent\" data-id=\"5056b8d\" data-element_type=\"container\" data-e-type=\"container\">\n<div class=\"e-con-inner\">\n<div class=\"elementor-element elementor-element-e2e7e6e elementor-widget elementor-widget-image\" data-id=\"e2e7e6e\" data-element_type=\"widget\" data-e-type=\"widget\" data-widget_type=\"image.default\">\n<div class=\"elementor-widget-container\">\n\t\t\t\t\t\t\t\t\t\t\t\t\t\t\t\t<a href=\"https:\/\/vinexpressen.dk\/wordpress\/indisk-vin-flankeres-af-et-par-australske-hvidvine\/\"><br \/>\n\t\t\t\t\t\t\t<img decoding=\"async\" width=\"105\" height=\"86\" src=\"https:\/\/vindien.dk\/wp-content\/uploads\/2024\/12\/Wine-of-The-Week.png\" class=\"attachment-large size-large wp-image-5184\" alt=\"\" \/>\t\t\t\t\t\t\t\t<\/a>\n\t\t\t\t\t\t\t\t\t\t\t\t\t\t\t<\/div>\n<\/p><\/div>\n<\/p><\/div>\n<\/p><\/div>\n<\/p><\/div>\n<\/p><\/div>\n<\/h4>\n<h4 class=\"sc_promo_descr\"><\/h4>\n","protected":false},"featured_media":2054,"template":"","meta":[],"product_brand":[139],"product_cat":[101,74,162,73,152],"product_tag":[123,109,114],"class_list":{"0":"post-1559","1":"product","2":"type-product","3":"status-publish","4":"has-post-thumbnail","6":"product_brand-grover","7":"product_cat-all","8":"product_cat-sparkling","9":"product_cat-indeholder-sulfitter","10":"product_cat-rose","11":"product_cat-shiraz-syrah","12":"product_tag-chicken-madras","13":"product_tag-pakora","14":"product_tag-vindaloo","16":"first","17":"instock","18":"taxable","19":"shipping-taxable","20":"purchasable","21":"product-type-simple"},"jetpack_sharing_enabled":true,"_links":{"self":[{"href":"https:\/\/vindien.dk\/da_dk\/wp-json\/wp\/v2\/product\/1559","targetHints":{"allow":["GET"]}}],"collection":[{"href":"https:\/\/vindien.dk\/da_dk\/wp-json\/wp\/v2\/product"}],"about":[{"href":"https:\/\/vindien.dk\/da_dk\/wp-json\/wp\/v2\/types\/product"}],"version-history":[{"count":8,"href":"https:\/\/vindien.dk\/da_dk\/wp-json\/wp\/v2\/product\/1559\/revisions"}],"predecessor-version":[{"id":7537,"href":"https:\/\/vindien.dk\/da_dk\/wp-json\/wp\/v2\/product\/1559\/revisions\/7537"}],"wp:featuredmedia":[{"embeddable":true,"href":"https:\/\/vindien.dk\/da_dk\/wp-json\/wp\/v2\/media\/2054"}],"wp:attachment":[{"href":"https:\/\/vindien.dk\/da_dk\/wp-json\/wp\/v2\/media?parent=1559"}],"wp:term":[{"taxonomy":"product_brand","embeddable":true,"href":"https:\/\/vindien.dk\/da_dk\/wp-json\/wp\/v2\/product_brand?post=1559"},{"taxonomy":"product_cat","embeddable":true,"href":"https:\/\/vindien.dk\/da_dk\/wp-json\/wp\/v2\/product_cat?post=1559"},{"taxonomy":"product_tag","embeddable":true,"href":"https:\/\/vindien.dk\/da_dk\/wp-json\/wp\/v2\/product_tag?post=1559"}],"curies":[{"name":"wp","href":"https:\/\/api.w.org\/{rel}","templated":true}]}}