{"id":4094,"date":"2025-03-29T15:03:18","date_gmt":"2025-03-29T15:03:18","guid":{"rendered":"https:\/\/vindien.dk\/?page_id=4094"},"modified":"2025-08-31T17:16:51","modified_gmt":"2025-08-31T17:16:51","slug":"tasting","status":"publish","type":"page","link":"https:\/\/vindien.dk\/da_dk\/tasting\/","title":{"rendered":"tasting"},"content":{"rendered":"\t\t<div data-elementor-type=\"wp-page\" data-elementor-id=\"4094\" class=\"elementor elementor-4094\">\n\t\t\t\t<div class=\"elementor-element elementor-element-8e230f7 e-flex e-con-boxed e-con e-parent\" data-id=\"8e230f7\" data-element_type=\"container\" data-e-type=\"container\">\r\n\t\t\t\t\t<div class=\"e-con-inner\">\r\n\t\t\t\t<div class=\"elementor-element elementor-element-eb39c8e elementor-widget elementor-widget-heading\" data-id=\"eb39c8e\" data-element_type=\"widget\" data-e-type=\"widget\" data-widget_type=\"heading.default\">\n\t\t\t\t<div class=\"elementor-widget-container\">\n\t\t\t\t\t<h2 class=\"elementor-heading-title elementor-size-default\"><u>Privat Indisk Vin Smagning <br><\/u><br>300Kr pr. Person<br><br><h2 style=\"--porto-h2-fw: 400;--porto-h2-fs: 30px;--porto-h2-lh: 40px;--porto-h2-ls: normal;font: 400 30px \/ 40px Amaranth, sans-serif;letter-spacing: normal;text-align: start\">&nbsp; &nbsp; &nbsp; &nbsp; &nbsp; &nbsp; &nbsp; &nbsp; &nbsp; &nbsp; &nbsp;Hos Jeres privat sted eller hos <u>Rasoi<\/u> Indisk Restaurant I \u00d8restad&nbsp;<\/h2><h3 style=\"--porto-h3-fw: 400;--porto-h3-fs: 25px;--porto-h3-lh: 32px;--porto-h3-ls: normal;font: 400 25px \/ 32px Amaranth, sans-serif;letter-spacing: normal;text-align: start\">&nbsp; &nbsp; &nbsp; &nbsp; &nbsp; &nbsp; &nbsp; &nbsp; &nbsp; &nbsp; &nbsp; &nbsp; &nbsp; &nbsp; &nbsp; &nbsp; &nbsp; &nbsp; &nbsp; &nbsp; &nbsp;Bare skriv en email til<mark><a href=\"mailto:info@vindien.dk\">info@vindien.dK<\/a><\/mark>&nbsp;eller Ringer&nbsp;<span>50 80 83 00<\/span><span style=\"font-size: 30px;text-align: center\"><\/span><\/h3>Mindst 10 deltager. Kun 18+ alder<br><br><span style=\"font-family: Amaranth, sans-serif;font-size: 30px;font-style: normal;font-weight: 400;letter-spacing: normal;text-align: start;text-indent: 0px;text-transform: none;white-space: normal;display: inline !important;float: none\">Vindien pr\u00e6senterer 6 vine for dig og dine g\u00e6ster.<\/span><br><h2 style=\"--porto-h2-fw: 400;--porto-h2-fs: 30px;--porto-h2-lh: 40px;--porto-h2-ls: normal;font: 400 30px \/ 40px Amaranth, sans-serif;letter-spacing: normal;text-align: start\">&nbsp; &nbsp; &nbsp; &nbsp; &nbsp; &nbsp; &nbsp; &nbsp; &nbsp; &nbsp; &nbsp; &nbsp;<\/h2><span style=\"text-align: start\">Hvis arrangementet er mere end 30 km fra Drag\u00f8r, opkr\u00e6ver vi 250 kr. i rejseudgifter.<\/span><\/h2>\t\t\t\t<\/div>\n\t\t\t\t<\/div>\n\t\t\t\t<div class=\"elementor-element elementor-element-6e22b9e elementor-widget-divider--view-line elementor-widget elementor-widget-divider\" data-id=\"6e22b9e\" data-element_type=\"widget\" data-e-type=\"widget\" data-widget_type=\"divider.default\">\n\t\t\t\t<div class=\"elementor-widget-container\">\n\t\t\t\t\t\t\t<div class=\"elementor-divider\">\n\t\t\t<span class=\"elementor-divider-separator\">\n\t\t\t\t\t\t<\/span>\n\t\t<\/div>\n\t\t\t\t\t\t<\/div>\n\t\t\t\t<\/div>\n\t\t\t\t\t<\/div>\n\t\t\t\t<\/div>\n\t\t<div class=\"elementor-element elementor-element-f60b19c e-flex e-con-boxed e-con e-parent\" data-id=\"f60b19c\" data-element_type=\"container\" data-e-type=\"container\">\r\n\t\t\t\t\t<div class=\"e-con-inner\">\r\n\t\t<div class=\"elementor-element elementor-element-c75409c e-con-full e-flex e-con e-child\" data-id=\"c75409c\" data-element_type=\"container\" data-e-type=\"container\">\r\n\t\t\t\t<div class=\"elementor-element elementor-element-1d43e7f elementor-widget elementor-widget-testimonial\" data-id=\"1d43e7f\" data-element_type=\"widget\" data-e-type=\"widget\" data-widget_type=\"testimonial.default\">\n\t\t\t\t<div class=\"elementor-widget-container\">\n\t\t\t\t\t\t\t<div class=\"elementor-testimonial-wrapper\">\n\t\t\t\t\t\t\t<div class=\"elementor-testimonial-content\">Vi er en mindre vinklub i en styrelse, som havde inviteret Vindien forbi til en vinsmagning med indiske vine i januar 2025. Medlemmerne var nysgerrige og m\u00f8dte talst\u00e6rkt op og blev gl\u00e6deligt overraskede. Milind gav en god pr\u00e6sentation om historien bag vin fra Indien og medbragte indiske snacks til at smage med dem. Vinene vi fik serveret var meget l\u00e6kre og mange valgte at k\u00f8be et par flasker hjem til privaten. Vinklubben selv k\u00f8bte flere til vores \u00e5rlige middag. Vindien leverede et par dage efter p\u00e5 arbejdspladsen. Alt i alt en meget positiv oplevelse og vi har klart t\u00e6nkt os at smage flere af de indiske vine fremover. N\u00e6ste gang g\u00e5r vi efter boblerne \ud83d\ude09\n<\/div>\n\t\t\t\n\t\t\t\t\t\t<div class=\"elementor-testimonial-meta elementor-has-image elementor-testimonial-image-position-aside\">\n\t\t\t\t<div class=\"elementor-testimonial-meta-inner\">\n\t\t\t\t\t\t\t\t\t\t\t<div class=\"elementor-testimonial-image\">\n\t\t\t\t\t\t\t<a href=\"https:\/\/www.trustpilot.com\/review\/vindien.dk?languages=all\"><img decoding=\"async\" src=\"https:\/\/vindien.dk\/wp-content\/plugins\/elementor\/assets\/images\/placeholder.png\" title=\"\" alt=\"\" loading=\"lazy\" \/><\/a>\t\t\t\t\t\t<\/div>\n\t\t\t\t\t\n\t\t\t\t\t\t\t\t\t\t<div class=\"elementor-testimonial-details\">\n\t\t\t\t\t\t\t\t\t\t\t\t\t\t<a class=\"elementor-testimonial-name\" href=\"https:\/\/www.trustpilot.com\/review\/vindien.dk?languages=all\">Nadia<\/a>\n\t\t\t\t\t\t\t\t\t\t\t\t\t\t\t\t\t\t\t<\/div>\n\t\t\t\t\t\t\t\t\t<\/div>\n\t\t\t<\/div>\n\t\t\t\t\t<\/div>\n\t\t\t\t\t\t<\/div>\n\t\t\t\t<\/div>\n\t\t\t\t<\/div>\n\t\t\t\t\t<\/div>\n\t\t\t\t<\/div>\n\t\t<div class=\"elementor-element elementor-element-16855d9 e-con-full e-flex e-con e-parent\" data-id=\"16855d9\" data-element_type=\"container\" data-e-type=\"container\">\r\n\t\t<div class=\"elementor-element elementor-element-3f18d84 e-con-full e-flex e-con e-child\" data-id=\"3f18d84\" data-element_type=\"container\" data-e-type=\"container\">\r\n\t\t\t\t<div class=\"elementor-element elementor-element-345c470 elementor-arrows-position-inside elementor-widget elementor-widget-image-carousel\" data-id=\"345c470\" data-element_type=\"widget\" data-e-type=\"widget\" data-settings=\"{&quot;slides_to_show&quot;:&quot;1&quot;,&quot;navigation&quot;:&quot;arrows&quot;,&quot;autoplay&quot;:&quot;yes&quot;,&quot;pause_on_hover&quot;:&quot;yes&quot;,&quot;pause_on_interaction&quot;:&quot;yes&quot;,&quot;autoplay_speed&quot;:5000,&quot;infinite&quot;:&quot;yes&quot;,&quot;effect&quot;:&quot;slide&quot;,&quot;speed&quot;:500}\" data-widget_type=\"image-carousel.default\">\n\t\t\t\t<div class=\"elementor-widget-container\">\n\t\t\t\t\t\t\t<div class=\"elementor-image-carousel-wrapper swiper\" role=\"region\" aria-roledescription=\"carousel\" aria-label=\"Image Carousel\" dir=\"ltr\">\n\t\t\t<div class=\"elementor-image-carousel swiper-wrapper swiper-image-stretch\" aria-live=\"off\">\n\t\t\t\t\t\t\t\t<div class=\"swiper-slide\" role=\"group\" aria-roledescription=\"slide\" aria-label=\"1 of 1\"><figure class=\"swiper-slide-inner\"><img decoding=\"async\" class=\"swiper-slide-image\" src=\"https:\/\/vindien.dk\/wp-content\/uploads\/2025\/03\/FullSizeRender-3-scaled.jpg\" alt=\"FullSizeRender 3\" \/><\/figure><\/div>\t\t\t<\/div>\n\t\t\t\t\t<\/div>\n\t\t\t\t\t\t<\/div>\n\t\t\t\t<\/div>\n\t\t\t\t<\/div>\n\t\t\t\t<\/div>\n\t\t\t\t<\/div>\n\t\t","protected":false},"excerpt":{"rendered":"<p>Privat Indisk Vin Smagning 300Kr pr. Person &nbsp; &nbsp; &nbsp; &nbsp; &nbsp; &nbsp; &nbsp; &nbsp; &nbsp; &nbsp; &nbsp;Hos Jeres privat sted eller hos Rasoi Indisk Restaurant I \u00d8restad&nbsp; &nbsp; &nbsp; &nbsp; &nbsp; &nbsp; &nbsp; &nbsp; &nbsp; &nbsp; &nbsp; &nbsp; &nbsp; &nbsp; &nbsp; &nbsp; &nbsp; &nbsp; &nbsp; &nbsp; &nbsp; &nbsp;Bare skriv en email tilinfo@vindien.dK&nbsp;eller Ringer&nbsp;50 80 [&hellip;]<\/p>\n","protected":false},"author":8,"featured_media":0,"parent":0,"menu_order":0,"comment_status":"closed","ping_status":"closed","template":"","meta":{"footnotes":""},"class_list":["post-4094","page","type-page","status-publish","hentry"],"jetpack_sharing_enabled":true,"_links":{"self":[{"href":"https:\/\/vindien.dk\/da_dk\/wp-json\/wp\/v2\/pages\/4094","targetHints":{"allow":["GET"]}}],"collection":[{"href":"https:\/\/vindien.dk\/da_dk\/wp-json\/wp\/v2\/pages"}],"about":[{"href":"https:\/\/vindien.dk\/da_dk\/wp-json\/wp\/v2\/types\/page"}],"author":[{"embeddable":true,"href":"https:\/\/vindien.dk\/da_dk\/wp-json\/wp\/v2\/users\/8"}],"replies":[{"embeddable":true,"href":"https:\/\/vindien.dk\/da_dk\/wp-json\/wp\/v2\/comments?post=4094"}],"version-history":[{"count":123,"href":"https:\/\/vindien.dk\/da_dk\/wp-json\/wp\/v2\/pages\/4094\/revisions"}],"predecessor-version":[{"id":7239,"href":"https:\/\/vindien.dk\/da_dk\/wp-json\/wp\/v2\/pages\/4094\/revisions\/7239"}],"wp:attachment":[{"href":"https:\/\/vindien.dk\/da_dk\/wp-json\/wp\/v2\/media?parent=4094"}],"curies":[{"name":"wp","href":"https:\/\/api.w.org\/{rel}","templated":true}]}}