{"id":1297,"date":"2024-09-17T06:54:48","date_gmt":"2024-09-17T06:54:48","guid":{"rendered":"https:\/?page_id=1297"},"modified":"2026-04-17T21:03:15","modified_gmt":"2026-04-17T21:03:15","slug":"about-us","status":"publish","type":"page","link":"https:\/\/vindien.dk\/da_dk\/about-us\/","title":{"rendered":"About Us"},"content":{"rendered":"\t\t<div data-elementor-type=\"wp-page\" data-elementor-id=\"1297\" class=\"elementor elementor-1297\">\n\t\t\t\t<div class=\"elementor-element elementor-element-ad39bb7 e-flex e-con-boxed e-con e-parent\" data-id=\"ad39bb7\" data-element_type=\"container\" data-e-type=\"container\">\r\n\t\t\t\t\t<div class=\"e-con-inner\">\r\n\t\t\t\t<div class=\"elementor-element elementor-element-b9a7053 elementor-widget-divider--view-line elementor-widget elementor-widget-divider\" data-id=\"b9a7053\" data-element_type=\"widget\" data-e-type=\"widget\" data-widget_type=\"divider.default\">\n\t\t\t\t<div class=\"elementor-widget-container\">\n\t\t\t\t\t\t\t<div class=\"elementor-divider\">\n\t\t\t<span class=\"elementor-divider-separator\">\n\t\t\t\t\t\t<\/span>\n\t\t<\/div>\n\t\t\t\t\t\t<\/div>\n\t\t\t\t<\/div>\n\t\t\t\t\t<\/div>\n\t\t\t\t<\/div>\n\t\t<div class=\"elementor-element elementor-element-40a4343 e-flex e-con-boxed e-con e-parent\" data-id=\"40a4343\" data-element_type=\"container\" data-e-type=\"container\">\r\n\t\t\t\t\t<div class=\"e-con-inner\">\r\n\t\t\t\t<div class=\"elementor-element elementor-element-2729670 elementor-widget elementor-widget-heading\" data-id=\"2729670\" data-element_type=\"widget\" data-e-type=\"widget\" data-widget_type=\"heading.default\">\n\t\t\t\t<div class=\"elementor-widget-container\">\n\t\t\t\t\t<h2 class=\"elementor-heading-title elementor-size-default\">OM VINDIEN<\/h2>\t\t\t\t<\/div>\n\t\t\t\t<\/div>\n\t\t\t\t\t<\/div>\n\t\t\t\t<\/div>\n\t\t<div class=\"elementor-element elementor-element-e5a0e3e e-flex e-con-boxed e-con e-parent\" data-id=\"e5a0e3e\" data-element_type=\"container\" data-e-type=\"container\">\r\n\t\t\t\t\t<div class=\"e-con-inner\">\r\n\t\t\t\t<div class=\"elementor-element elementor-element-1e3b0e8 elementor-widget-divider--view-line elementor-widget elementor-widget-divider\" data-id=\"1e3b0e8\" data-element_type=\"widget\" data-e-type=\"widget\" data-widget_type=\"divider.default\">\n\t\t\t\t<div class=\"elementor-widget-container\">\n\t\t\t\t\t\t\t<div class=\"elementor-divider\">\n\t\t\t<span class=\"elementor-divider-separator\">\n\t\t\t\t\t\t<\/span>\n\t\t<\/div>\n\t\t\t\t\t\t<\/div>\n\t\t\t\t<\/div>\n\t\t\t\t\t<\/div>\n\t\t\t\t<\/div>\n\t\t<div class=\"elementor-element elementor-element-1e8562e e-flex e-con-boxed e-con e-parent\" data-id=\"1e8562e\" data-element_type=\"container\" data-e-type=\"container\">\r\n\t\t\t\t\t<div class=\"e-con-inner\">\r\n\t\t\t\t<div class=\"elementor-element elementor-element-444ffea elementor-widget elementor-widget-heading\" data-id=\"444ffea\" data-element_type=\"widget\" data-e-type=\"widget\" data-widget_type=\"heading.default\">\n\t\t\t\t<div class=\"elementor-widget-container\">\n\t\t\t\t\t<h2 class=\"elementor-heading-title elementor-size-default\">Vindien tog initiativ til at introducere indisk vin til Danmark \u2013 et sp\u00e6ndende og ofte overset vinland. Vi importerer vine fra Indiens tre f\u00f8rende ving\u00e5rde, Sula, Fratelli og Grover Zampa, der leverer vine med fantastisk kvalitet og karakter. De vigtigste vinomr\u00e5der, Nashik og Bangalore, byder p\u00e5 unikke smagsoplevelser, hvor druerne h\u00f8stes om vinteren i varme, der minder om en europ\u00e6isk sommer. Kom og smag Indiens vintradition<\/h2>\t\t\t\t<\/div>\n\t\t\t\t<\/div>\n\t\t\t\t\t<\/div>\n\t\t\t\t<\/div>\n\t\t<div class=\"elementor-element elementor-element-1eb99eb e-flex e-con-boxed e-con e-parent\" data-id=\"1eb99eb\" data-element_type=\"container\" data-e-type=\"container\">\r\n\t\t\t\t\t<div class=\"e-con-inner\">\r\n\t\t\t\t<div class=\"elementor-element elementor-element-f322a73 elementor-widget-divider--view-line elementor-widget elementor-widget-divider\" data-id=\"f322a73\" data-element_type=\"widget\" data-e-type=\"widget\" data-widget_type=\"divider.default\">\n\t\t\t\t<div class=\"elementor-widget-container\">\n\t\t\t\t\t\t\t<div class=\"elementor-divider\">\n\t\t\t<span class=\"elementor-divider-separator\">\n\t\t\t\t\t\t<\/span>\n\t\t<\/div>\n\t\t\t\t\t\t<\/div>\n\t\t\t\t<\/div>\n\t\t\t\t\t<\/div>\n\t\t\t\t<\/div>\n\t\t<div class=\"elementor-element elementor-element-2103275 e-flex e-con-boxed e-con e-parent\" data-id=\"2103275\" data-element_type=\"container\" data-e-type=\"container\">\r\n\t\t\t\t\t<div class=\"e-con-inner\">\r\n\t\t\t\t<div class=\"elementor-element elementor-element-8867172 elementor-widget-divider--view-line elementor-widget elementor-widget-divider\" data-id=\"8867172\" data-element_type=\"widget\" data-e-type=\"widget\" data-widget_type=\"divider.default\">\n\t\t\t\t<div class=\"elementor-widget-container\">\n\t\t\t\t\t\t\t<div class=\"elementor-divider\">\n\t\t\t<span class=\"elementor-divider-separator\">\n\t\t\t\t\t\t<\/span>\n\t\t<\/div>\n\t\t\t\t\t\t<\/div>\n\t\t\t\t<\/div>\n\t\t\t\t\t<\/div>\n\t\t\t\t<\/div>\n\t\t<div class=\"elementor-element elementor-element-241d98f e-grid e-con-boxed e-con e-parent\" data-id=\"241d98f\" data-element_type=\"container\" data-e-type=\"container\">\r\n\t\t\t\t\t<div class=\"e-con-inner\">\r\n\t\t\t\t\t<\/div>\n\t\t\t\t<\/div>\n\t\t<div class=\"elementor-element elementor-element-22cdd03 e-flex e-con-boxed e-con e-parent\" data-id=\"22cdd03\" data-element_type=\"container\" data-e-type=\"container\">\r\n\t\t\t\t\t<div class=\"e-con-inner\">\r\n\t\t\t\t\t<\/div>\n\t\t\t\t<\/div>\n\t\t\t\t<\/div>\n\t\t","protected":false},"excerpt":{"rendered":"<p>OM VINDIEN Vindien tog initiativ til at introducere indisk vin til Danmark \u2013 et sp\u00e6ndende og ofte overset vinland. Vi importerer vine fra Indiens tre f\u00f8rende ving\u00e5rde, Sula, Fratelli og Grover Zampa, der leverer vine med fantastisk kvalitet og karakter. De vigtigste vinomr\u00e5der, Nashik og Bangalore, byder p\u00e5 unikke smagsoplevelser, hvor druerne h\u00f8stes om vinteren [&hellip;]<\/p>\n","protected":false},"author":2,"featured_media":0,"parent":0,"menu_order":2,"comment_status":"closed","ping_status":"closed","template":"","meta":{"footnotes":""},"class_list":["post-1297","page","type-page","status-publish","hentry"],"jetpack_sharing_enabled":true,"_links":{"self":[{"href":"https:\/\/vindien.dk\/da_dk\/wp-json\/wp\/v2\/pages\/1297","targetHints":{"allow":["GET"]}}],"collection":[{"href":"https:\/\/vindien.dk\/da_dk\/wp-json\/wp\/v2\/pages"}],"about":[{"href":"https:\/\/vindien.dk\/da_dk\/wp-json\/wp\/v2\/types\/page"}],"author":[{"embeddable":true,"href":"https:\/\/vindien.dk\/da_dk\/wp-json\/wp\/v2\/users\/2"}],"replies":[{"embeddable":true,"href":"https:\/\/vindien.dk\/da_dk\/wp-json\/wp\/v2\/comments?post=1297"}],"version-history":[{"count":121,"href":"https:\/\/vindien.dk\/da_dk\/wp-json\/wp\/v2\/pages\/1297\/revisions"}],"predecessor-version":[{"id":9057,"href":"https:\/\/vindien.dk\/da_dk\/wp-json\/wp\/v2\/pages\/1297\/revisions\/9057"}],"wp:attachment":[{"href":"https:\/\/vindien.dk\/da_dk\/wp-json\/wp\/v2\/media?parent=1297"}],"curies":[{"name":"wp","href":"https:\/\/api.w.org\/{rel}","templated":true}]}}